{"id":703,"date":"2024-10-16T13:26:16","date_gmt":"2024-10-16T13:26:16","guid":{"rendered":"https:\/\/motormind.ee\/?post_type=product&#038;p=703"},"modified":"2026-03-23T11:44:46","modified_gmt":"2026-03-23T11:44:46","slug":"leia-ja-naita","status":"publish","type":"product","link":"https:\/\/motormind.ee\/ru\/product\/leia-ja-naita\/","title":{"rendered":"T\u00f6\u00f6lehed: &#8220;Leia ja n\u00e4ita&#8221;"},"content":{"rendered":"<p>10 lk<\/p>\n<p>Tegemist on digitaalse tootega (PDF). P\u00e4rast makset saadetakse allalaadimislink teie e-mailile.<\/p>","protected":false},"excerpt":{"rendered":"<p>Suur hulk s\u00f5nu ja pilte. See aitab teie lapsel \u00f5ppida lugema, laiendada oma s\u00f5navara, samuti saate kaarte l\u00f5igata ja paluda lapsel need r\u00fchmadesse sorteerida. K\u00f5ik fotod on realistlikud, et lapsel oleks lihtsam s\u00f5na meelde j\u00e4tta.<\/p>","protected":false},"featured_media":704,"comment_status":"open","ping_status":"closed","template":"","meta":[],"product_brand":[],"product_cat":[22,156],"product_tag":[],"class_list":{"0":"post-703","1":"product","2":"type-product","3":"status-publish","4":"has-post-thumbnail","6":"product_cat-toolehed","7":"product_cat-tahed-ja-lugemisoskuse-algus","9":"first","10":"instock","11":"shipping-taxable","12":"purchasable","13":"product-type-variable"},"yoast_head":"<!-- This site is optimized with the Yoast SEO plugin v27.4 - https:\/\/yoast.com\/product\/yoast-seo-wordpress\/ -->\n<title>T\u00f6\u00f6lehed: &quot;Leia ja n\u00e4ita&quot; - t\u00f6\u00f6lehed lastele - Motormind<\/title>\n<meta name=\"description\" content=\"\u00abLeia ja n\u00e4ita\u00bb on suurep\u00e4rane komplekt laste s\u00f5navara laiendamiseks ja lugemise \u00f5ppimiseks. Realistlikud fotod aitavad lastel s\u00f5nu paremini meelde j\u00e4tta. Lae alla 5-eurose PDF!\" \/>\n<meta name=\"robots\" content=\"index, follow, max-snippet:-1, max-image-preview:large, max-video-preview:-1\" \/>\n<link rel=\"canonical\" href=\"https:\/\/motormind.ee\/ru\/product\/leia-ja-naita\/\" \/>\n<meta property=\"og:locale\" content=\"ru_RU\" \/>\n<meta property=\"og:type\" content=\"article\" \/>\n<meta property=\"og:title\" content=\"T\u00f6\u00f6lehed: &quot;Leia ja n\u00e4ita&quot; - t\u00f6\u00f6lehed lastele - Motormind\" \/>\n<meta property=\"og:description\" content=\"\u00abLeia ja n\u00e4ita\u00bb on suurep\u00e4rane komplekt laste s\u00f5navara laiendamiseks ja lugemise \u00f5ppimiseks. Realistlikud fotod aitavad lastel s\u00f5nu paremini meelde j\u00e4tta. Lae alla 5-eurose PDF!\" \/>\n<meta property=\"og:url\" content=\"https:\/\/motormind.ee\/ru\/product\/leia-ja-naita\/\" \/>\n<meta property=\"og:site_name\" content=\"Motormind\" \/>\n<meta property=\"article:modified_time\" content=\"2026-03-23T11:44:46+00:00\" \/>\n<meta property=\"og:image\" content=\"https:\/\/motormind.ee\/wp-content\/uploads\/2024\/10\/l.jpg\" \/>\n\t<meta property=\"og:image:width\" content=\"2048\" \/>\n\t<meta property=\"og:image:height\" content=\"2048\" \/>\n\t<meta property=\"og:image:type\" content=\"image\/jpeg\" \/>\n<meta name=\"twitter:card\" content=\"summary_large_image\" \/>\n<meta name=\"twitter:label1\" content=\"\u041f\u0440\u0438\u043c\u0435\u0440\u043d\u043e\u0435 \u0432\u0440\u0435\u043c\u044f \u0434\u043b\u044f \u0447\u0442\u0435\u043d\u0438\u044f\" \/>\n\t<meta name=\"twitter:data1\" content=\"1 \u043c\u0438\u043d\u0443\u0442\u0430\" \/>\n<script type=\"application\/ld+json\" class=\"yoast-schema-graph\">{\"@context\":\"https:\\\/\\\/schema.org\",\"@graph\":[{\"@type\":\"WebPage\",\"@id\":\"https:\\\/\\\/motormind.ee\\\/product\\\/leia-ja-naita\\\/\",\"url\":\"https:\\\/\\\/motormind.ee\\\/product\\\/leia-ja-naita\\\/\",\"name\":\"T\u00f6\u00f6lehed: \\\"Leia ja n\u00e4ita\\\" - t\u00f6\u00f6lehed lastele - Motormind\",\"isPartOf\":{\"@id\":\"https:\\\/\\\/motormind.ee\\\/#website\"},\"primaryImageOfPage\":{\"@id\":\"https:\\\/\\\/motormind.ee\\\/product\\\/leia-ja-naita\\\/#primaryimage\"},\"image\":{\"@id\":\"https:\\\/\\\/motormind.ee\\\/product\\\/leia-ja-naita\\\/#primaryimage\"},\"thumbnailUrl\":\"https:\\\/\\\/motormind.ee\\\/wp-content\\\/uploads\\\/2024\\\/10\\\/l.jpg\",\"datePublished\":\"2024-10-16T13:26:16+00:00\",\"dateModified\":\"2026-03-23T11:44:46+00:00\",\"description\":\"\u00abLeia ja n\u00e4ita\u00bb on suurep\u00e4rane komplekt laste s\u00f5navara laiendamiseks ja lugemise \u00f5ppimiseks. Realistlikud fotod aitavad lastel s\u00f5nu paremini meelde j\u00e4tta. Lae alla 5-eurose PDF!\",\"breadcrumb\":{\"@id\":\"https:\\\/\\\/motormind.ee\\\/product\\\/leia-ja-naita\\\/#breadcrumb\"},\"inLanguage\":\"ru-RU\",\"potentialAction\":[{\"@type\":\"ReadAction\",\"target\":[\"https:\\\/\\\/motormind.ee\\\/product\\\/leia-ja-naita\\\/\"]}]},{\"@type\":\"ImageObject\",\"inLanguage\":\"ru-RU\",\"@id\":\"https:\\\/\\\/motormind.ee\\\/product\\\/leia-ja-naita\\\/#primaryimage\",\"url\":\"https:\\\/\\\/motormind.ee\\\/wp-content\\\/uploads\\\/2024\\\/10\\\/l.jpg\",\"contentUrl\":\"https:\\\/\\\/motormind.ee\\\/wp-content\\\/uploads\\\/2024\\\/10\\\/l.jpg\",\"width\":2048,\"height\":2048},{\"@type\":\"BreadcrumbList\",\"@id\":\"https:\\\/\\\/motormind.ee\\\/product\\\/leia-ja-naita\\\/#breadcrumb\",\"itemListElement\":[{\"@type\":\"ListItem\",\"position\":1,\"name\":\"\u0413\u043b\u0430\u0432\u043d\u0430\u044f \u0441\u0442\u0440\u0430\u043d\u0438\u0446\u0430\",\"item\":\"https:\\\/\\\/motormind.ee\\\/\"},{\"@type\":\"ListItem\",\"position\":2,\"name\":\"E-pood\",\"item\":\"https:\\\/\\\/motormind.ee\\\/shop\\\/\"},{\"@type\":\"ListItem\",\"position\":3,\"name\":\"T\u00f6\u00f6lehed: &#8220;Leia ja n\u00e4ita&#8221;\"}]},{\"@type\":\"WebSite\",\"@id\":\"https:\\\/\\\/motormind.ee\\\/#website\",\"url\":\"https:\\\/\\\/motormind.ee\\\/\",\"name\":\"Motormind\",\"description\":\"&Otilde;pi r&otilde;&otilde;muga, &otilde;pi m&auml;ngides!\",\"potentialAction\":[{\"@type\":\"SearchAction\",\"target\":{\"@type\":\"EntryPoint\",\"urlTemplate\":\"https:\\\/\\\/motormind.ee\\\/?s={search_term_string}\"},\"query-input\":{\"@type\":\"PropertyValueSpecification\",\"valueRequired\":true,\"valueName\":\"search_term_string\"}}],\"inLanguage\":\"ru-RU\"}]}<\/script>\n<!-- \/ Yoast SEO plugin. -->","yoast_head_json":{"title":"T\u00f6\u00f6lehed: \"Leia ja n\u00e4ita\" - t\u00f6\u00f6lehed lastele - Motormind","description":"\u00abLeia ja n\u00e4ita\u00bb on suurep\u00e4rane komplekt laste s\u00f5navara laiendamiseks ja lugemise \u00f5ppimiseks. Realistlikud fotod aitavad lastel s\u00f5nu paremini meelde j\u00e4tta. Lae alla 5-eurose PDF!","robots":{"index":"index","follow":"follow","max-snippet":"max-snippet:-1","max-image-preview":"max-image-preview:large","max-video-preview":"max-video-preview:-1"},"canonical":"https:\/\/motormind.ee\/ru\/product\/leia-ja-naita\/","og_locale":"ru_RU","og_type":"article","og_title":"T\u00f6\u00f6lehed: \"Leia ja n\u00e4ita\" - t\u00f6\u00f6lehed lastele - Motormind","og_description":"\u00abLeia ja n\u00e4ita\u00bb on suurep\u00e4rane komplekt laste s\u00f5navara laiendamiseks ja lugemise \u00f5ppimiseks. Realistlikud fotod aitavad lastel s\u00f5nu paremini meelde j\u00e4tta. Lae alla 5-eurose PDF!","og_url":"https:\/\/motormind.ee\/ru\/product\/leia-ja-naita\/","og_site_name":"Motormind","article_modified_time":"2026-03-23T11:44:46+00:00","og_image":[{"width":2048,"height":2048,"url":"https:\/\/motormind.ee\/wp-content\/uploads\/2024\/10\/l.jpg","type":"image\/jpeg"}],"twitter_card":"summary_large_image","twitter_misc":{"\u041f\u0440\u0438\u043c\u0435\u0440\u043d\u043e\u0435 \u0432\u0440\u0435\u043c\u044f \u0434\u043b\u044f \u0447\u0442\u0435\u043d\u0438\u044f":"1 \u043c\u0438\u043d\u0443\u0442\u0430"},"schema":{"@context":"https:\/\/schema.org","@graph":[{"@type":"WebPage","@id":"https:\/\/motormind.ee\/product\/leia-ja-naita\/","url":"https:\/\/motormind.ee\/product\/leia-ja-naita\/","name":"T\u00f6\u00f6lehed: \"Leia ja n\u00e4ita\" - t\u00f6\u00f6lehed lastele - Motormind","isPartOf":{"@id":"https:\/\/motormind.ee\/#website"},"primaryImageOfPage":{"@id":"https:\/\/motormind.ee\/product\/leia-ja-naita\/#primaryimage"},"image":{"@id":"https:\/\/motormind.ee\/product\/leia-ja-naita\/#primaryimage"},"thumbnailUrl":"https:\/\/motormind.ee\/wp-content\/uploads\/2024\/10\/l.jpg","datePublished":"2024-10-16T13:26:16+00:00","dateModified":"2026-03-23T11:44:46+00:00","description":"\u00abLeia ja n\u00e4ita\u00bb on suurep\u00e4rane komplekt laste s\u00f5navara laiendamiseks ja lugemise \u00f5ppimiseks. Realistlikud fotod aitavad lastel s\u00f5nu paremini meelde j\u00e4tta. Lae alla 5-eurose PDF!","breadcrumb":{"@id":"https:\/\/motormind.ee\/product\/leia-ja-naita\/#breadcrumb"},"inLanguage":"ru-RU","potentialAction":[{"@type":"ReadAction","target":["https:\/\/motormind.ee\/product\/leia-ja-naita\/"]}]},{"@type":"ImageObject","inLanguage":"ru-RU","@id":"https:\/\/motormind.ee\/product\/leia-ja-naita\/#primaryimage","url":"https:\/\/motormind.ee\/wp-content\/uploads\/2024\/10\/l.jpg","contentUrl":"https:\/\/motormind.ee\/wp-content\/uploads\/2024\/10\/l.jpg","width":2048,"height":2048},{"@type":"BreadcrumbList","@id":"https:\/\/motormind.ee\/product\/leia-ja-naita\/#breadcrumb","itemListElement":[{"@type":"ListItem","position":1,"name":"\u0413\u043b\u0430\u0432\u043d\u0430\u044f \u0441\u0442\u0440\u0430\u043d\u0438\u0446\u0430","item":"https:\/\/motormind.ee\/"},{"@type":"ListItem","position":2,"name":"E-pood","item":"https:\/\/motormind.ee\/shop\/"},{"@type":"ListItem","position":3,"name":"T\u00f6\u00f6lehed: &#8220;Leia ja n\u00e4ita&#8221;"}]},{"@type":"WebSite","@id":"https:\/\/motormind.ee\/#website","url":"https:\/\/motormind.ee\/","name":"Motormind","description":"&Otilde;pi r&otilde;&otilde;muga, &otilde;pi m&auml;ngides!","potentialAction":[{"@type":"SearchAction","target":{"@type":"EntryPoint","urlTemplate":"https:\/\/motormind.ee\/?s={search_term_string}"},"query-input":{"@type":"PropertyValueSpecification","valueRequired":true,"valueName":"search_term_string"}}],"inLanguage":"ru-RU"}]}},"_links":{"self":[{"href":"https:\/\/motormind.ee\/ru\/wp-json\/wp\/v2\/product\/703","targetHints":{"allow":["GET"]}}],"collection":[{"href":"https:\/\/motormind.ee\/ru\/wp-json\/wp\/v2\/product"}],"about":[{"href":"https:\/\/motormind.ee\/ru\/wp-json\/wp\/v2\/types\/product"}],"replies":[{"embeddable":true,"href":"https:\/\/motormind.ee\/ru\/wp-json\/wp\/v2\/comments?post=703"}],"version-history":[{"count":6,"href":"https:\/\/motormind.ee\/ru\/wp-json\/wp\/v2\/product\/703\/revisions"}],"predecessor-version":[{"id":4355,"href":"https:\/\/motormind.ee\/ru\/wp-json\/wp\/v2\/product\/703\/revisions\/4355"}],"wp:featuredmedia":[{"embeddable":true,"href":"https:\/\/motormind.ee\/ru\/wp-json\/wp\/v2\/media\/704"}],"wp:attachment":[{"href":"https:\/\/motormind.ee\/ru\/wp-json\/wp\/v2\/media?parent=703"}],"wp:term":[{"taxonomy":"product_brand","embeddable":true,"href":"https:\/\/motormind.ee\/ru\/wp-json\/wp\/v2\/product_brand?post=703"},{"taxonomy":"product_cat","embeddable":true,"href":"https:\/\/motormind.ee\/ru\/wp-json\/wp\/v2\/product_cat?post=703"},{"taxonomy":"product_tag","embeddable":true,"href":"https:\/\/motormind.ee\/ru\/wp-json\/wp\/v2\/product_tag?post=703"}],"curies":[{"name":"wp","href":"https:\/\/api.w.org\/{rel}","templated":true}]}}