{"id":707,"date":"2024-10-16T17:03:33","date_gmt":"2024-10-16T17:03:33","guid":{"rendered":"https:\/\/motormind.ee\/?post_type=product&#038;p=707"},"modified":"2026-03-23T11:41:43","modified_gmt":"2026-03-23T11:41:43","slug":"loe-ja-uhenda","status":"publish","type":"product","link":"https:\/\/motormind.ee\/ru\/product\/loe-ja-uhenda\/","title":{"rendered":"T\u00f6\u00f6lehed: &#8220;Loe ja \u00fchenda (28 lk)&#8221;"},"content":{"rendered":"<p>Tegemist on digitaalse tootega (PDF). P\u00e4rast makset saadetakse allalaadimislink teie e-mailile.<\/p>","protected":false},"excerpt":{"rendered":"<p>Selles failis on esitatud palju s\u00f5nu \u2014 336, mis on jagatud 28 teemaks. Pildid on paigutatud juhuslikult ning laps peab leidma vastavuse pildi ja s\u00f5na vahel. See aitab arendada t\u00e4helepanuv\u00f5imet, treenida k\u00e4tt kirjutamiseks ja parandada koordinatsiooni. K\u00f5ik s\u00f5nad on kirjutatud suurt\u00e4htedega, mis teeb lugema \u00f5ppimise lapse jaoks lihtsamaks ja arusaadavamaks.<\/p>","protected":false},"featured_media":708,"comment_status":"open","ping_status":"closed","template":"","meta":[],"product_brand":[],"product_cat":[22,156],"product_tag":[],"class_list":{"0":"post-707","1":"product","2":"type-product","3":"status-publish","4":"has-post-thumbnail","6":"product_cat-toolehed","7":"product_cat-tahed-ja-lugemisoskuse-algus","9":"first","10":"instock","11":"shipping-taxable","12":"purchasable","13":"product-type-variable"},"yoast_head":"<!-- This site is optimized with the Yoast SEO plugin v27.4 - https:\/\/yoast.com\/product\/yoast-seo-wordpress\/ -->\n<title>T\u00f6\u00f6leht T\u00f6\u00f6lehed: &quot;Loe ja \u00fchenda (28 lk)&quot; - Motormind<\/title>\n<meta name=\"description\" content=\"\u00abLoe ja \u00fchenda\u00bb pakub lastele 336 s\u00f5na, mida sobitada juhuslikult paigutatud piltidega. Ideaalne t\u00e4helepanu, kirjutamisoskuse ja koordinatsiooni arendamiseks. Lae alla 28-lehek\u00fcljeline PDF ja alusta \u00f5ppimist!\" \/>\n<meta name=\"robots\" content=\"index, follow, max-snippet:-1, max-image-preview:large, max-video-preview:-1\" \/>\n<link rel=\"canonical\" href=\"https:\/\/motormind.ee\/ru\/product\/loe-ja-uhenda\/\" \/>\n<meta property=\"og:locale\" content=\"ru_RU\" \/>\n<meta property=\"og:type\" content=\"article\" \/>\n<meta property=\"og:title\" content=\"T\u00f6\u00f6leht T\u00f6\u00f6lehed: &quot;Loe ja \u00fchenda (28 lk)&quot; - Motormind\" \/>\n<meta property=\"og:description\" content=\"\u00abLoe ja \u00fchenda\u00bb pakub lastele 336 s\u00f5na, mida sobitada juhuslikult paigutatud piltidega. Ideaalne t\u00e4helepanu, kirjutamisoskuse ja koordinatsiooni arendamiseks. Lae alla 28-lehek\u00fcljeline PDF ja alusta \u00f5ppimist!\" \/>\n<meta property=\"og:url\" content=\"https:\/\/motormind.ee\/ru\/product\/loe-ja-uhenda\/\" \/>\n<meta property=\"og:site_name\" content=\"Motormind\" \/>\n<meta property=\"article:modified_time\" content=\"2026-03-23T11:41:43+00:00\" \/>\n<meta property=\"og:image\" content=\"https:\/\/motormind.ee\/wp-content\/uploads\/2024\/10\/298505874_7706042729465691_8006428429854888581_n.png\" \/>\n\t<meta property=\"og:image:width\" content=\"940\" \/>\n\t<meta property=\"og:image:height\" content=\"788\" \/>\n\t<meta property=\"og:image:type\" content=\"image\/png\" \/>\n<meta name=\"twitter:card\" content=\"summary_large_image\" \/>\n<meta name=\"twitter:label1\" content=\"\u041f\u0440\u0438\u043c\u0435\u0440\u043d\u043e\u0435 \u0432\u0440\u0435\u043c\u044f \u0434\u043b\u044f \u0447\u0442\u0435\u043d\u0438\u044f\" \/>\n\t<meta name=\"twitter:data1\" content=\"1 \u043c\u0438\u043d\u0443\u0442\u0430\" \/>\n<script type=\"application\/ld+json\" class=\"yoast-schema-graph\">{\"@context\":\"https:\\\/\\\/schema.org\",\"@graph\":[{\"@type\":\"WebPage\",\"@id\":\"https:\\\/\\\/motormind.ee\\\/product\\\/loe-ja-uhenda\\\/\",\"url\":\"https:\\\/\\\/motormind.ee\\\/product\\\/loe-ja-uhenda\\\/\",\"name\":\"T\u00f6\u00f6leht T\u00f6\u00f6lehed: \\\"Loe ja \u00fchenda (28 lk)\\\" - Motormind\",\"isPartOf\":{\"@id\":\"https:\\\/\\\/motormind.ee\\\/#website\"},\"primaryImageOfPage\":{\"@id\":\"https:\\\/\\\/motormind.ee\\\/product\\\/loe-ja-uhenda\\\/#primaryimage\"},\"image\":{\"@id\":\"https:\\\/\\\/motormind.ee\\\/product\\\/loe-ja-uhenda\\\/#primaryimage\"},\"thumbnailUrl\":\"https:\\\/\\\/motormind.ee\\\/wp-content\\\/uploads\\\/2024\\\/10\\\/298505874_7706042729465691_8006428429854888581_n.png\",\"datePublished\":\"2024-10-16T17:03:33+00:00\",\"dateModified\":\"2026-03-23T11:41:43+00:00\",\"description\":\"\u00abLoe ja \u00fchenda\u00bb pakub lastele 336 s\u00f5na, mida sobitada juhuslikult paigutatud piltidega. Ideaalne t\u00e4helepanu, kirjutamisoskuse ja koordinatsiooni arendamiseks. Lae alla 28-lehek\u00fcljeline PDF ja alusta \u00f5ppimist!\",\"breadcrumb\":{\"@id\":\"https:\\\/\\\/motormind.ee\\\/product\\\/loe-ja-uhenda\\\/#breadcrumb\"},\"inLanguage\":\"ru-RU\",\"potentialAction\":[{\"@type\":\"ReadAction\",\"target\":[\"https:\\\/\\\/motormind.ee\\\/product\\\/loe-ja-uhenda\\\/\"]}]},{\"@type\":\"ImageObject\",\"inLanguage\":\"ru-RU\",\"@id\":\"https:\\\/\\\/motormind.ee\\\/product\\\/loe-ja-uhenda\\\/#primaryimage\",\"url\":\"https:\\\/\\\/motormind.ee\\\/wp-content\\\/uploads\\\/2024\\\/10\\\/298505874_7706042729465691_8006428429854888581_n.png\",\"contentUrl\":\"https:\\\/\\\/motormind.ee\\\/wp-content\\\/uploads\\\/2024\\\/10\\\/298505874_7706042729465691_8006428429854888581_n.png\",\"width\":940,\"height\":788},{\"@type\":\"BreadcrumbList\",\"@id\":\"https:\\\/\\\/motormind.ee\\\/product\\\/loe-ja-uhenda\\\/#breadcrumb\",\"itemListElement\":[{\"@type\":\"ListItem\",\"position\":1,\"name\":\"\u0413\u043b\u0430\u0432\u043d\u0430\u044f \u0441\u0442\u0440\u0430\u043d\u0438\u0446\u0430\",\"item\":\"https:\\\/\\\/motormind.ee\\\/\"},{\"@type\":\"ListItem\",\"position\":2,\"name\":\"E-pood\",\"item\":\"https:\\\/\\\/motormind.ee\\\/shop\\\/\"},{\"@type\":\"ListItem\",\"position\":3,\"name\":\"T\u00f6\u00f6lehed: &#8220;Loe ja \u00fchenda (28 lk)&#8221;\"}]},{\"@type\":\"WebSite\",\"@id\":\"https:\\\/\\\/motormind.ee\\\/#website\",\"url\":\"https:\\\/\\\/motormind.ee\\\/\",\"name\":\"Motormind\",\"description\":\"&Otilde;pi r&otilde;&otilde;muga, &otilde;pi m&auml;ngides!\",\"potentialAction\":[{\"@type\":\"SearchAction\",\"target\":{\"@type\":\"EntryPoint\",\"urlTemplate\":\"https:\\\/\\\/motormind.ee\\\/?s={search_term_string}\"},\"query-input\":{\"@type\":\"PropertyValueSpecification\",\"valueRequired\":true,\"valueName\":\"search_term_string\"}}],\"inLanguage\":\"ru-RU\"}]}<\/script>\n<!-- \/ Yoast SEO plugin. -->","yoast_head_json":{"title":"T\u00f6\u00f6leht T\u00f6\u00f6lehed: \"Loe ja \u00fchenda (28 lk)\" - Motormind","description":"\u00abLoe ja \u00fchenda\u00bb pakub lastele 336 s\u00f5na, mida sobitada juhuslikult paigutatud piltidega. Ideaalne t\u00e4helepanu, kirjutamisoskuse ja koordinatsiooni arendamiseks. Lae alla 28-lehek\u00fcljeline PDF ja alusta \u00f5ppimist!","robots":{"index":"index","follow":"follow","max-snippet":"max-snippet:-1","max-image-preview":"max-image-preview:large","max-video-preview":"max-video-preview:-1"},"canonical":"https:\/\/motormind.ee\/ru\/product\/loe-ja-uhenda\/","og_locale":"ru_RU","og_type":"article","og_title":"T\u00f6\u00f6leht T\u00f6\u00f6lehed: \"Loe ja \u00fchenda (28 lk)\" - Motormind","og_description":"\u00abLoe ja \u00fchenda\u00bb pakub lastele 336 s\u00f5na, mida sobitada juhuslikult paigutatud piltidega. Ideaalne t\u00e4helepanu, kirjutamisoskuse ja koordinatsiooni arendamiseks. Lae alla 28-lehek\u00fcljeline PDF ja alusta \u00f5ppimist!","og_url":"https:\/\/motormind.ee\/ru\/product\/loe-ja-uhenda\/","og_site_name":"Motormind","article_modified_time":"2026-03-23T11:41:43+00:00","og_image":[{"width":940,"height":788,"url":"https:\/\/motormind.ee\/wp-content\/uploads\/2024\/10\/298505874_7706042729465691_8006428429854888581_n.png","type":"image\/png"}],"twitter_card":"summary_large_image","twitter_misc":{"\u041f\u0440\u0438\u043c\u0435\u0440\u043d\u043e\u0435 \u0432\u0440\u0435\u043c\u044f \u0434\u043b\u044f \u0447\u0442\u0435\u043d\u0438\u044f":"1 \u043c\u0438\u043d\u0443\u0442\u0430"},"schema":{"@context":"https:\/\/schema.org","@graph":[{"@type":"WebPage","@id":"https:\/\/motormind.ee\/product\/loe-ja-uhenda\/","url":"https:\/\/motormind.ee\/product\/loe-ja-uhenda\/","name":"T\u00f6\u00f6leht T\u00f6\u00f6lehed: \"Loe ja \u00fchenda (28 lk)\" - Motormind","isPartOf":{"@id":"https:\/\/motormind.ee\/#website"},"primaryImageOfPage":{"@id":"https:\/\/motormind.ee\/product\/loe-ja-uhenda\/#primaryimage"},"image":{"@id":"https:\/\/motormind.ee\/product\/loe-ja-uhenda\/#primaryimage"},"thumbnailUrl":"https:\/\/motormind.ee\/wp-content\/uploads\/2024\/10\/298505874_7706042729465691_8006428429854888581_n.png","datePublished":"2024-10-16T17:03:33+00:00","dateModified":"2026-03-23T11:41:43+00:00","description":"\u00abLoe ja \u00fchenda\u00bb pakub lastele 336 s\u00f5na, mida sobitada juhuslikult paigutatud piltidega. Ideaalne t\u00e4helepanu, kirjutamisoskuse ja koordinatsiooni arendamiseks. Lae alla 28-lehek\u00fcljeline PDF ja alusta \u00f5ppimist!","breadcrumb":{"@id":"https:\/\/motormind.ee\/product\/loe-ja-uhenda\/#breadcrumb"},"inLanguage":"ru-RU","potentialAction":[{"@type":"ReadAction","target":["https:\/\/motormind.ee\/product\/loe-ja-uhenda\/"]}]},{"@type":"ImageObject","inLanguage":"ru-RU","@id":"https:\/\/motormind.ee\/product\/loe-ja-uhenda\/#primaryimage","url":"https:\/\/motormind.ee\/wp-content\/uploads\/2024\/10\/298505874_7706042729465691_8006428429854888581_n.png","contentUrl":"https:\/\/motormind.ee\/wp-content\/uploads\/2024\/10\/298505874_7706042729465691_8006428429854888581_n.png","width":940,"height":788},{"@type":"BreadcrumbList","@id":"https:\/\/motormind.ee\/product\/loe-ja-uhenda\/#breadcrumb","itemListElement":[{"@type":"ListItem","position":1,"name":"\u0413\u043b\u0430\u0432\u043d\u0430\u044f \u0441\u0442\u0440\u0430\u043d\u0438\u0446\u0430","item":"https:\/\/motormind.ee\/"},{"@type":"ListItem","position":2,"name":"E-pood","item":"https:\/\/motormind.ee\/shop\/"},{"@type":"ListItem","position":3,"name":"T\u00f6\u00f6lehed: &#8220;Loe ja \u00fchenda (28 lk)&#8221;"}]},{"@type":"WebSite","@id":"https:\/\/motormind.ee\/#website","url":"https:\/\/motormind.ee\/","name":"Motormind","description":"&Otilde;pi r&otilde;&otilde;muga, &otilde;pi m&auml;ngides!","potentialAction":[{"@type":"SearchAction","target":{"@type":"EntryPoint","urlTemplate":"https:\/\/motormind.ee\/?s={search_term_string}"},"query-input":{"@type":"PropertyValueSpecification","valueRequired":true,"valueName":"search_term_string"}}],"inLanguage":"ru-RU"}]}},"_links":{"self":[{"href":"https:\/\/motormind.ee\/ru\/wp-json\/wp\/v2\/product\/707","targetHints":{"allow":["GET"]}}],"collection":[{"href":"https:\/\/motormind.ee\/ru\/wp-json\/wp\/v2\/product"}],"about":[{"href":"https:\/\/motormind.ee\/ru\/wp-json\/wp\/v2\/types\/product"}],"replies":[{"embeddable":true,"href":"https:\/\/motormind.ee\/ru\/wp-json\/wp\/v2\/comments?post=707"}],"version-history":[{"count":5,"href":"https:\/\/motormind.ee\/ru\/wp-json\/wp\/v2\/product\/707\/revisions"}],"predecessor-version":[{"id":4076,"href":"https:\/\/motormind.ee\/ru\/wp-json\/wp\/v2\/product\/707\/revisions\/4076"}],"wp:featuredmedia":[{"embeddable":true,"href":"https:\/\/motormind.ee\/ru\/wp-json\/wp\/v2\/media\/708"}],"wp:attachment":[{"href":"https:\/\/motormind.ee\/ru\/wp-json\/wp\/v2\/media?parent=707"}],"wp:term":[{"taxonomy":"product_brand","embeddable":true,"href":"https:\/\/motormind.ee\/ru\/wp-json\/wp\/v2\/product_brand?post=707"},{"taxonomy":"product_cat","embeddable":true,"href":"https:\/\/motormind.ee\/ru\/wp-json\/wp\/v2\/product_cat?post=707"},{"taxonomy":"product_tag","embeddable":true,"href":"https:\/\/motormind.ee\/ru\/wp-json\/wp\/v2\/product_tag?post=707"}],"curies":[{"name":"wp","href":"https:\/\/api.w.org\/{rel}","templated":true}]}}