{"id":717,"date":"2024-10-16T19:17:22","date_gmt":"2024-10-16T19:17:22","guid":{"rendered":"https:\/\/motormind.ee\/?post_type=product&#038;p=717"},"modified":"2026-03-05T07:42:32","modified_gmt":"2026-03-05T07:42:32","slug":"loomade-tahestik-48-lk","status":"publish","type":"product","link":"https:\/\/motormind.ee\/ru\/product\/loomade-tahestik-48-lk\/","title":{"rendered":"T\u00f6\u00f6lehed: &#8220;Loomade t\u00e4hestik (48 lk)&#8221;"},"content":{"rendered":"<p>Tegemist on digitaalse tootega (PDF). P\u00e4rast makset saadetakse allalaadimislink teie e-mailile.<\/p>","protected":false},"excerpt":{"rendered":"<p>See komplekt sisaldab eesti t\u00e4hestikku, kus iga t\u00e4ht on seotud m\u00f5ne loomaga. Kaardi \u00fchel k\u00fcljel on kujutatud t\u00e4ht ja loom, teisel k\u00fcljel peab laps leidma selle t\u00e4he teiste s\u00fcmbolite seast. K\u00f5ik on kujundatud v\u00e4rvikalt ja iga loomaga sobivas stiilis, mis teeb t\u00e4htede \u00f5ppimise laste jaoks huvitavaks ja kaasahaaravaks. Need t\u00f6\u00f6lehed aitavad arendada t\u00e4helepanu m\u00e4ngulisel viisil.<\/p>\n<p>&nbsp;<\/p>","protected":false},"featured_media":718,"comment_status":"open","ping_status":"closed","template":"","meta":[],"product_brand":[],"product_cat":[22,156],"product_tag":[],"class_list":{"0":"post-717","1":"product","2":"type-product","3":"status-publish","4":"has-post-thumbnail","6":"product_cat-toolehed","7":"product_cat-tahed-ja-lugemisoskuse-algus","9":"first","10":"instock","11":"downloadable","12":"virtual","13":"purchasable","14":"product-type-simple"},"yoast_head":"<!-- This site is optimized with the Yoast SEO plugin v27.4 - https:\/\/yoast.com\/product\/yoast-seo-wordpress\/ -->\n<title>T\u00f6\u00f6lehed: &quot;Loomade t\u00e4hestik (48 lk)&quot; - Motormind<\/title>\n<meta name=\"description\" content=\"\u00abLoomade t\u00e4hestik\u00bb aitab lastel \u00f5ppida t\u00e4hti l\u00e4bi loomade kujutiste. V\u00e4rvikad t\u00f6\u00f6lehed muudavad \u00f5ppimise m\u00e4nguliseks ja kaasahaaravaks. Lae alla 48-lehek\u00fcljeline PDF ja naudi t\u00e4hestiku \u00f5ppimist!\" \/>\n<meta name=\"robots\" content=\"index, follow, max-snippet:-1, max-image-preview:large, max-video-preview:-1\" \/>\n<link rel=\"canonical\" href=\"https:\/\/motormind.ee\/ru\/product\/loomade-tahestik-48-lk\/\" \/>\n<meta property=\"og:locale\" content=\"ru_RU\" \/>\n<meta property=\"og:type\" content=\"article\" \/>\n<meta property=\"og:title\" content=\"T\u00f6\u00f6lehed: &quot;Loomade t\u00e4hestik (48 lk)&quot; - Motormind\" \/>\n<meta property=\"og:description\" content=\"\u00abLoomade t\u00e4hestik\u00bb aitab lastel \u00f5ppida t\u00e4hti l\u00e4bi loomade kujutiste. V\u00e4rvikad t\u00f6\u00f6lehed muudavad \u00f5ppimise m\u00e4nguliseks ja kaasahaaravaks. Lae alla 48-lehek\u00fcljeline PDF ja naudi t\u00e4hestiku \u00f5ppimist!\" \/>\n<meta property=\"og:url\" content=\"https:\/\/motormind.ee\/ru\/product\/loomade-tahestik-48-lk\/\" \/>\n<meta property=\"og:site_name\" content=\"Motormind\" \/>\n<meta property=\"article:modified_time\" content=\"2026-03-05T07:42:32+00:00\" \/>\n<meta property=\"og:image\" content=\"https:\/\/motormind.ee\/wp-content\/uploads\/2024\/10\/loomade-tahestik.jpg\" \/>\n\t<meta property=\"og:image:width\" content=\"2048\" \/>\n\t<meta property=\"og:image:height\" content=\"1916\" \/>\n\t<meta property=\"og:image:type\" content=\"image\/jpeg\" \/>\n<meta name=\"twitter:card\" content=\"summary_large_image\" \/>\n<meta name=\"twitter:label1\" content=\"\u041f\u0440\u0438\u043c\u0435\u0440\u043d\u043e\u0435 \u0432\u0440\u0435\u043c\u044f \u0434\u043b\u044f \u0447\u0442\u0435\u043d\u0438\u044f\" \/>\n\t<meta name=\"twitter:data1\" content=\"1 \u043c\u0438\u043d\u0443\u0442\u0430\" \/>\n<script type=\"application\/ld+json\" class=\"yoast-schema-graph\">{\"@context\":\"https:\\\/\\\/schema.org\",\"@graph\":[{\"@type\":\"WebPage\",\"@id\":\"https:\\\/\\\/motormind.ee\\\/product\\\/loomade-tahestik-48-lk\\\/\",\"url\":\"https:\\\/\\\/motormind.ee\\\/product\\\/loomade-tahestik-48-lk\\\/\",\"name\":\"T\u00f6\u00f6lehed: \\\"Loomade t\u00e4hestik (48 lk)\\\" - Motormind\",\"isPartOf\":{\"@id\":\"https:\\\/\\\/motormind.ee\\\/#website\"},\"primaryImageOfPage\":{\"@id\":\"https:\\\/\\\/motormind.ee\\\/product\\\/loomade-tahestik-48-lk\\\/#primaryimage\"},\"image\":{\"@id\":\"https:\\\/\\\/motormind.ee\\\/product\\\/loomade-tahestik-48-lk\\\/#primaryimage\"},\"thumbnailUrl\":\"https:\\\/\\\/motormind.ee\\\/wp-content\\\/uploads\\\/2024\\\/10\\\/loomade-tahestik.jpg\",\"datePublished\":\"2024-10-16T19:17:22+00:00\",\"dateModified\":\"2026-03-05T07:42:32+00:00\",\"description\":\"\u00abLoomade t\u00e4hestik\u00bb aitab lastel \u00f5ppida t\u00e4hti l\u00e4bi loomade kujutiste. V\u00e4rvikad t\u00f6\u00f6lehed muudavad \u00f5ppimise m\u00e4nguliseks ja kaasahaaravaks. Lae alla 48-lehek\u00fcljeline PDF ja naudi t\u00e4hestiku \u00f5ppimist!\",\"breadcrumb\":{\"@id\":\"https:\\\/\\\/motormind.ee\\\/product\\\/loomade-tahestik-48-lk\\\/#breadcrumb\"},\"inLanguage\":\"ru-RU\",\"potentialAction\":[{\"@type\":\"ReadAction\",\"target\":[\"https:\\\/\\\/motormind.ee\\\/product\\\/loomade-tahestik-48-lk\\\/\"]}]},{\"@type\":\"ImageObject\",\"inLanguage\":\"ru-RU\",\"@id\":\"https:\\\/\\\/motormind.ee\\\/product\\\/loomade-tahestik-48-lk\\\/#primaryimage\",\"url\":\"https:\\\/\\\/motormind.ee\\\/wp-content\\\/uploads\\\/2024\\\/10\\\/loomade-tahestik.jpg\",\"contentUrl\":\"https:\\\/\\\/motormind.ee\\\/wp-content\\\/uploads\\\/2024\\\/10\\\/loomade-tahestik.jpg\",\"width\":2048,\"height\":1916},{\"@type\":\"BreadcrumbList\",\"@id\":\"https:\\\/\\\/motormind.ee\\\/product\\\/loomade-tahestik-48-lk\\\/#breadcrumb\",\"itemListElement\":[{\"@type\":\"ListItem\",\"position\":1,\"name\":\"\u0413\u043b\u0430\u0432\u043d\u0430\u044f \u0441\u0442\u0440\u0430\u043d\u0438\u0446\u0430\",\"item\":\"https:\\\/\\\/motormind.ee\\\/\"},{\"@type\":\"ListItem\",\"position\":2,\"name\":\"E-pood\",\"item\":\"https:\\\/\\\/motormind.ee\\\/shop\\\/\"},{\"@type\":\"ListItem\",\"position\":3,\"name\":\"T\u00f6\u00f6lehed: &#8220;Loomade t\u00e4hestik (48 lk)&#8221;\"}]},{\"@type\":\"WebSite\",\"@id\":\"https:\\\/\\\/motormind.ee\\\/#website\",\"url\":\"https:\\\/\\\/motormind.ee\\\/\",\"name\":\"Motormind\",\"description\":\"&Otilde;pi r&otilde;&otilde;muga, &otilde;pi m&auml;ngides!\",\"potentialAction\":[{\"@type\":\"SearchAction\",\"target\":{\"@type\":\"EntryPoint\",\"urlTemplate\":\"https:\\\/\\\/motormind.ee\\\/?s={search_term_string}\"},\"query-input\":{\"@type\":\"PropertyValueSpecification\",\"valueRequired\":true,\"valueName\":\"search_term_string\"}}],\"inLanguage\":\"ru-RU\"}]}<\/script>\n<!-- \/ Yoast SEO plugin. -->","yoast_head_json":{"title":"T\u00f6\u00f6lehed: \"Loomade t\u00e4hestik (48 lk)\" - Motormind","description":"\u00abLoomade t\u00e4hestik\u00bb aitab lastel \u00f5ppida t\u00e4hti l\u00e4bi loomade kujutiste. V\u00e4rvikad t\u00f6\u00f6lehed muudavad \u00f5ppimise m\u00e4nguliseks ja kaasahaaravaks. Lae alla 48-lehek\u00fcljeline PDF ja naudi t\u00e4hestiku \u00f5ppimist!","robots":{"index":"index","follow":"follow","max-snippet":"max-snippet:-1","max-image-preview":"max-image-preview:large","max-video-preview":"max-video-preview:-1"},"canonical":"https:\/\/motormind.ee\/ru\/product\/loomade-tahestik-48-lk\/","og_locale":"ru_RU","og_type":"article","og_title":"T\u00f6\u00f6lehed: \"Loomade t\u00e4hestik (48 lk)\" - Motormind","og_description":"\u00abLoomade t\u00e4hestik\u00bb aitab lastel \u00f5ppida t\u00e4hti l\u00e4bi loomade kujutiste. V\u00e4rvikad t\u00f6\u00f6lehed muudavad \u00f5ppimise m\u00e4nguliseks ja kaasahaaravaks. Lae alla 48-lehek\u00fcljeline PDF ja naudi t\u00e4hestiku \u00f5ppimist!","og_url":"https:\/\/motormind.ee\/ru\/product\/loomade-tahestik-48-lk\/","og_site_name":"Motormind","article_modified_time":"2026-03-05T07:42:32+00:00","og_image":[{"width":2048,"height":1916,"url":"https:\/\/motormind.ee\/wp-content\/uploads\/2024\/10\/loomade-tahestik.jpg","type":"image\/jpeg"}],"twitter_card":"summary_large_image","twitter_misc":{"\u041f\u0440\u0438\u043c\u0435\u0440\u043d\u043e\u0435 \u0432\u0440\u0435\u043c\u044f \u0434\u043b\u044f \u0447\u0442\u0435\u043d\u0438\u044f":"1 \u043c\u0438\u043d\u0443\u0442\u0430"},"schema":{"@context":"https:\/\/schema.org","@graph":[{"@type":"WebPage","@id":"https:\/\/motormind.ee\/product\/loomade-tahestik-48-lk\/","url":"https:\/\/motormind.ee\/product\/loomade-tahestik-48-lk\/","name":"T\u00f6\u00f6lehed: \"Loomade t\u00e4hestik (48 lk)\" - Motormind","isPartOf":{"@id":"https:\/\/motormind.ee\/#website"},"primaryImageOfPage":{"@id":"https:\/\/motormind.ee\/product\/loomade-tahestik-48-lk\/#primaryimage"},"image":{"@id":"https:\/\/motormind.ee\/product\/loomade-tahestik-48-lk\/#primaryimage"},"thumbnailUrl":"https:\/\/motormind.ee\/wp-content\/uploads\/2024\/10\/loomade-tahestik.jpg","datePublished":"2024-10-16T19:17:22+00:00","dateModified":"2026-03-05T07:42:32+00:00","description":"\u00abLoomade t\u00e4hestik\u00bb aitab lastel \u00f5ppida t\u00e4hti l\u00e4bi loomade kujutiste. V\u00e4rvikad t\u00f6\u00f6lehed muudavad \u00f5ppimise m\u00e4nguliseks ja kaasahaaravaks. Lae alla 48-lehek\u00fcljeline PDF ja naudi t\u00e4hestiku \u00f5ppimist!","breadcrumb":{"@id":"https:\/\/motormind.ee\/product\/loomade-tahestik-48-lk\/#breadcrumb"},"inLanguage":"ru-RU","potentialAction":[{"@type":"ReadAction","target":["https:\/\/motormind.ee\/product\/loomade-tahestik-48-lk\/"]}]},{"@type":"ImageObject","inLanguage":"ru-RU","@id":"https:\/\/motormind.ee\/product\/loomade-tahestik-48-lk\/#primaryimage","url":"https:\/\/motormind.ee\/wp-content\/uploads\/2024\/10\/loomade-tahestik.jpg","contentUrl":"https:\/\/motormind.ee\/wp-content\/uploads\/2024\/10\/loomade-tahestik.jpg","width":2048,"height":1916},{"@type":"BreadcrumbList","@id":"https:\/\/motormind.ee\/product\/loomade-tahestik-48-lk\/#breadcrumb","itemListElement":[{"@type":"ListItem","position":1,"name":"\u0413\u043b\u0430\u0432\u043d\u0430\u044f \u0441\u0442\u0440\u0430\u043d\u0438\u0446\u0430","item":"https:\/\/motormind.ee\/"},{"@type":"ListItem","position":2,"name":"E-pood","item":"https:\/\/motormind.ee\/shop\/"},{"@type":"ListItem","position":3,"name":"T\u00f6\u00f6lehed: &#8220;Loomade t\u00e4hestik (48 lk)&#8221;"}]},{"@type":"WebSite","@id":"https:\/\/motormind.ee\/#website","url":"https:\/\/motormind.ee\/","name":"Motormind","description":"&Otilde;pi r&otilde;&otilde;muga, &otilde;pi m&auml;ngides!","potentialAction":[{"@type":"SearchAction","target":{"@type":"EntryPoint","urlTemplate":"https:\/\/motormind.ee\/?s={search_term_string}"},"query-input":{"@type":"PropertyValueSpecification","valueRequired":true,"valueName":"search_term_string"}}],"inLanguage":"ru-RU"}]}},"_links":{"self":[{"href":"https:\/\/motormind.ee\/ru\/wp-json\/wp\/v2\/product\/717","targetHints":{"allow":["GET"]}}],"collection":[{"href":"https:\/\/motormind.ee\/ru\/wp-json\/wp\/v2\/product"}],"about":[{"href":"https:\/\/motormind.ee\/ru\/wp-json\/wp\/v2\/types\/product"}],"replies":[{"embeddable":true,"href":"https:\/\/motormind.ee\/ru\/wp-json\/wp\/v2\/comments?post=717"}],"version-history":[{"count":4,"href":"https:\/\/motormind.ee\/ru\/wp-json\/wp\/v2\/product\/717\/revisions"}],"predecessor-version":[{"id":4075,"href":"https:\/\/motormind.ee\/ru\/wp-json\/wp\/v2\/product\/717\/revisions\/4075"}],"wp:featuredmedia":[{"embeddable":true,"href":"https:\/\/motormind.ee\/ru\/wp-json\/wp\/v2\/media\/718"}],"wp:attachment":[{"href":"https:\/\/motormind.ee\/ru\/wp-json\/wp\/v2\/media?parent=717"}],"wp:term":[{"taxonomy":"product_brand","embeddable":true,"href":"https:\/\/motormind.ee\/ru\/wp-json\/wp\/v2\/product_brand?post=717"},{"taxonomy":"product_cat","embeddable":true,"href":"https:\/\/motormind.ee\/ru\/wp-json\/wp\/v2\/product_cat?post=717"},{"taxonomy":"product_tag","embeddable":true,"href":"https:\/\/motormind.ee\/ru\/wp-json\/wp\/v2\/product_tag?post=717"}],"curies":[{"name":"wp","href":"https:\/\/api.w.org\/{rel}","templated":true}]}}