{"id":722,"date":"2024-10-16T19:19:41","date_gmt":"2024-10-16T19:19:41","guid":{"rendered":"https:\/\/motormind.ee\/?post_type=product&#038;p=722"},"modified":"2026-03-23T11:39:27","modified_gmt":"2026-03-23T11:39:27","slug":"loto-puuviljad-koogiviljad-marjad","status":"publish","type":"product","link":"https:\/\/motormind.ee\/ru\/product\/loto-puuviljad-koogiviljad-marjad\/","title":{"rendered":"T\u00f6\u00f6lehed: Loto: &#8220;Puuviljad, k\u00f6\u00f6giviljad, marjad&#8221;"},"content":{"rendered":"<p>18 lk<\/p>\n<p>Tegemist on digitaalse tootega (PDF). P\u00e4rast makset saadetakse allalaadimislink teie e-mailile.<\/p>","protected":false},"excerpt":{"rendered":"<p>Sisaldab kuut m\u00e4ngulauda mustvalgete puu- ja k\u00f6\u00f6giviljade ning marjade kujutistega ning sama palju v\u00e4rvilisi kaarte. Komplektis on kokku 36 kaarti. Seda m\u00e4ngu saab kasutada nagu klassikalist lotot, kus tuleb leida vasted v\u00e4rviliste ja mustvalgete kujutiste vahel. M\u00e4ng arendab t\u00e4helepanu ja aitab laiendada s\u00f5navara igas keeles, muutes \u00f5ppimise huvitavaks ja kaasahaaravaks.<\/p>\n<p>&nbsp;<\/p>","protected":false},"featured_media":723,"comment_status":"open","ping_status":"closed","template":"","meta":[],"product_brand":[],"product_cat":[158,22],"product_tag":[],"class_list":{"0":"post-722","1":"product","2":"type-product","3":"status-publish","4":"has-post-thumbnail","6":"product_cat-maailma-avastamine-ja-loodusteadmised","7":"product_cat-toolehed","9":"first","10":"instock","11":"shipping-taxable","12":"purchasable","13":"product-type-variable"},"yoast_head":"<!-- This site is optimized with the Yoast SEO plugin v27.4 - https:\/\/yoast.com\/product\/yoast-seo-wordpress\/ -->\n<title>T\u00f6\u00f6lehed: Loto: &quot;Puuviljad, k\u00f6\u00f6giviljad, marjad&quot; - Motormind<\/title>\n<meta name=\"description\" content=\"\u00abLoto: puuviljad, k\u00f6\u00f6giviljad, marjad\u00bb on l\u00f5bus ja hariv m\u00e4ng, kus lapsed leiavad vasted v\u00e4rviliste ja mustvalgete kujutiste vahel. Sobib ideaalselt t\u00e4helepanu ja s\u00f5navara arendamiseks. Lae alla PDF!\" \/>\n<meta name=\"robots\" content=\"index, follow, max-snippet:-1, max-image-preview:large, max-video-preview:-1\" \/>\n<link rel=\"canonical\" href=\"https:\/\/motormind.ee\/ru\/product\/loto-puuviljad-koogiviljad-marjad\/\" \/>\n<meta property=\"og:locale\" content=\"ru_RU\" \/>\n<meta property=\"og:type\" content=\"article\" \/>\n<meta property=\"og:title\" content=\"T\u00f6\u00f6lehed: Loto: &quot;Puuviljad, k\u00f6\u00f6giviljad, marjad&quot; - Motormind\" \/>\n<meta property=\"og:description\" content=\"\u00abLoto: puuviljad, k\u00f6\u00f6giviljad, marjad\u00bb on l\u00f5bus ja hariv m\u00e4ng, kus lapsed leiavad vasted v\u00e4rviliste ja mustvalgete kujutiste vahel. Sobib ideaalselt t\u00e4helepanu ja s\u00f5navara arendamiseks. Lae alla PDF!\" \/>\n<meta property=\"og:url\" content=\"https:\/\/motormind.ee\/ru\/product\/loto-puuviljad-koogiviljad-marjad\/\" \/>\n<meta property=\"og:site_name\" content=\"Motormind\" \/>\n<meta property=\"article:modified_time\" content=\"2026-03-23T11:39:27+00:00\" \/>\n<meta property=\"og:image\" content=\"https:\/\/motormind.ee\/wp-content\/uploads\/2024\/10\/loto11.jpg\" \/>\n\t<meta property=\"og:image:width\" content=\"1080\" \/>\n\t<meta property=\"og:image:height\" content=\"1080\" \/>\n\t<meta property=\"og:image:type\" content=\"image\/jpeg\" \/>\n<meta name=\"twitter:card\" content=\"summary_large_image\" \/>\n<meta name=\"twitter:label1\" content=\"\u041f\u0440\u0438\u043c\u0435\u0440\u043d\u043e\u0435 \u0432\u0440\u0435\u043c\u044f \u0434\u043b\u044f \u0447\u0442\u0435\u043d\u0438\u044f\" \/>\n\t<meta name=\"twitter:data1\" content=\"1 \u043c\u0438\u043d\u0443\u0442\u0430\" \/>\n<script type=\"application\/ld+json\" class=\"yoast-schema-graph\">{\"@context\":\"https:\\\/\\\/schema.org\",\"@graph\":[{\"@type\":\"WebPage\",\"@id\":\"https:\\\/\\\/motormind.ee\\\/product\\\/loto-puuviljad-koogiviljad-marjad\\\/\",\"url\":\"https:\\\/\\\/motormind.ee\\\/product\\\/loto-puuviljad-koogiviljad-marjad\\\/\",\"name\":\"T\u00f6\u00f6lehed: Loto: \\\"Puuviljad, k\u00f6\u00f6giviljad, marjad\\\" - Motormind\",\"isPartOf\":{\"@id\":\"https:\\\/\\\/motormind.ee\\\/#website\"},\"primaryImageOfPage\":{\"@id\":\"https:\\\/\\\/motormind.ee\\\/product\\\/loto-puuviljad-koogiviljad-marjad\\\/#primaryimage\"},\"image\":{\"@id\":\"https:\\\/\\\/motormind.ee\\\/product\\\/loto-puuviljad-koogiviljad-marjad\\\/#primaryimage\"},\"thumbnailUrl\":\"https:\\\/\\\/motormind.ee\\\/wp-content\\\/uploads\\\/2024\\\/10\\\/loto11.jpg\",\"datePublished\":\"2024-10-16T19:19:41+00:00\",\"dateModified\":\"2026-03-23T11:39:27+00:00\",\"description\":\"\u00abLoto: puuviljad, k\u00f6\u00f6giviljad, marjad\u00bb on l\u00f5bus ja hariv m\u00e4ng, kus lapsed leiavad vasted v\u00e4rviliste ja mustvalgete kujutiste vahel. Sobib ideaalselt t\u00e4helepanu ja s\u00f5navara arendamiseks. Lae alla PDF!\",\"breadcrumb\":{\"@id\":\"https:\\\/\\\/motormind.ee\\\/product\\\/loto-puuviljad-koogiviljad-marjad\\\/#breadcrumb\"},\"inLanguage\":\"ru-RU\",\"potentialAction\":[{\"@type\":\"ReadAction\",\"target\":[\"https:\\\/\\\/motormind.ee\\\/product\\\/loto-puuviljad-koogiviljad-marjad\\\/\"]}]},{\"@type\":\"ImageObject\",\"inLanguage\":\"ru-RU\",\"@id\":\"https:\\\/\\\/motormind.ee\\\/product\\\/loto-puuviljad-koogiviljad-marjad\\\/#primaryimage\",\"url\":\"https:\\\/\\\/motormind.ee\\\/wp-content\\\/uploads\\\/2024\\\/10\\\/loto11.jpg\",\"contentUrl\":\"https:\\\/\\\/motormind.ee\\\/wp-content\\\/uploads\\\/2024\\\/10\\\/loto11.jpg\",\"width\":1080,\"height\":1080},{\"@type\":\"BreadcrumbList\",\"@id\":\"https:\\\/\\\/motormind.ee\\\/product\\\/loto-puuviljad-koogiviljad-marjad\\\/#breadcrumb\",\"itemListElement\":[{\"@type\":\"ListItem\",\"position\":1,\"name\":\"\u0413\u043b\u0430\u0432\u043d\u0430\u044f \u0441\u0442\u0440\u0430\u043d\u0438\u0446\u0430\",\"item\":\"https:\\\/\\\/motormind.ee\\\/\"},{\"@type\":\"ListItem\",\"position\":2,\"name\":\"E-pood\",\"item\":\"https:\\\/\\\/motormind.ee\\\/shop\\\/\"},{\"@type\":\"ListItem\",\"position\":3,\"name\":\"T\u00f6\u00f6lehed: Loto: &#8220;Puuviljad, k\u00f6\u00f6giviljad, marjad&#8221;\"}]},{\"@type\":\"WebSite\",\"@id\":\"https:\\\/\\\/motormind.ee\\\/#website\",\"url\":\"https:\\\/\\\/motormind.ee\\\/\",\"name\":\"Motormind\",\"description\":\"&Otilde;pi r&otilde;&otilde;muga, &otilde;pi m&auml;ngides!\",\"potentialAction\":[{\"@type\":\"SearchAction\",\"target\":{\"@type\":\"EntryPoint\",\"urlTemplate\":\"https:\\\/\\\/motormind.ee\\\/?s={search_term_string}\"},\"query-input\":{\"@type\":\"PropertyValueSpecification\",\"valueRequired\":true,\"valueName\":\"search_term_string\"}}],\"inLanguage\":\"ru-RU\"}]}<\/script>\n<!-- \/ Yoast SEO plugin. -->","yoast_head_json":{"title":"T\u00f6\u00f6lehed: Loto: \"Puuviljad, k\u00f6\u00f6giviljad, marjad\" - Motormind","description":"\u00abLoto: puuviljad, k\u00f6\u00f6giviljad, marjad\u00bb on l\u00f5bus ja hariv m\u00e4ng, kus lapsed leiavad vasted v\u00e4rviliste ja mustvalgete kujutiste vahel. Sobib ideaalselt t\u00e4helepanu ja s\u00f5navara arendamiseks. Lae alla PDF!","robots":{"index":"index","follow":"follow","max-snippet":"max-snippet:-1","max-image-preview":"max-image-preview:large","max-video-preview":"max-video-preview:-1"},"canonical":"https:\/\/motormind.ee\/ru\/product\/loto-puuviljad-koogiviljad-marjad\/","og_locale":"ru_RU","og_type":"article","og_title":"T\u00f6\u00f6lehed: Loto: \"Puuviljad, k\u00f6\u00f6giviljad, marjad\" - Motormind","og_description":"\u00abLoto: puuviljad, k\u00f6\u00f6giviljad, marjad\u00bb on l\u00f5bus ja hariv m\u00e4ng, kus lapsed leiavad vasted v\u00e4rviliste ja mustvalgete kujutiste vahel. Sobib ideaalselt t\u00e4helepanu ja s\u00f5navara arendamiseks. Lae alla PDF!","og_url":"https:\/\/motormind.ee\/ru\/product\/loto-puuviljad-koogiviljad-marjad\/","og_site_name":"Motormind","article_modified_time":"2026-03-23T11:39:27+00:00","og_image":[{"width":1080,"height":1080,"url":"https:\/\/motormind.ee\/wp-content\/uploads\/2024\/10\/loto11.jpg","type":"image\/jpeg"}],"twitter_card":"summary_large_image","twitter_misc":{"\u041f\u0440\u0438\u043c\u0435\u0440\u043d\u043e\u0435 \u0432\u0440\u0435\u043c\u044f \u0434\u043b\u044f \u0447\u0442\u0435\u043d\u0438\u044f":"1 \u043c\u0438\u043d\u0443\u0442\u0430"},"schema":{"@context":"https:\/\/schema.org","@graph":[{"@type":"WebPage","@id":"https:\/\/motormind.ee\/product\/loto-puuviljad-koogiviljad-marjad\/","url":"https:\/\/motormind.ee\/product\/loto-puuviljad-koogiviljad-marjad\/","name":"T\u00f6\u00f6lehed: Loto: \"Puuviljad, k\u00f6\u00f6giviljad, marjad\" - Motormind","isPartOf":{"@id":"https:\/\/motormind.ee\/#website"},"primaryImageOfPage":{"@id":"https:\/\/motormind.ee\/product\/loto-puuviljad-koogiviljad-marjad\/#primaryimage"},"image":{"@id":"https:\/\/motormind.ee\/product\/loto-puuviljad-koogiviljad-marjad\/#primaryimage"},"thumbnailUrl":"https:\/\/motormind.ee\/wp-content\/uploads\/2024\/10\/loto11.jpg","datePublished":"2024-10-16T19:19:41+00:00","dateModified":"2026-03-23T11:39:27+00:00","description":"\u00abLoto: puuviljad, k\u00f6\u00f6giviljad, marjad\u00bb on l\u00f5bus ja hariv m\u00e4ng, kus lapsed leiavad vasted v\u00e4rviliste ja mustvalgete kujutiste vahel. Sobib ideaalselt t\u00e4helepanu ja s\u00f5navara arendamiseks. Lae alla PDF!","breadcrumb":{"@id":"https:\/\/motormind.ee\/product\/loto-puuviljad-koogiviljad-marjad\/#breadcrumb"},"inLanguage":"ru-RU","potentialAction":[{"@type":"ReadAction","target":["https:\/\/motormind.ee\/product\/loto-puuviljad-koogiviljad-marjad\/"]}]},{"@type":"ImageObject","inLanguage":"ru-RU","@id":"https:\/\/motormind.ee\/product\/loto-puuviljad-koogiviljad-marjad\/#primaryimage","url":"https:\/\/motormind.ee\/wp-content\/uploads\/2024\/10\/loto11.jpg","contentUrl":"https:\/\/motormind.ee\/wp-content\/uploads\/2024\/10\/loto11.jpg","width":1080,"height":1080},{"@type":"BreadcrumbList","@id":"https:\/\/motormind.ee\/product\/loto-puuviljad-koogiviljad-marjad\/#breadcrumb","itemListElement":[{"@type":"ListItem","position":1,"name":"\u0413\u043b\u0430\u0432\u043d\u0430\u044f \u0441\u0442\u0440\u0430\u043d\u0438\u0446\u0430","item":"https:\/\/motormind.ee\/"},{"@type":"ListItem","position":2,"name":"E-pood","item":"https:\/\/motormind.ee\/shop\/"},{"@type":"ListItem","position":3,"name":"T\u00f6\u00f6lehed: Loto: &#8220;Puuviljad, k\u00f6\u00f6giviljad, marjad&#8221;"}]},{"@type":"WebSite","@id":"https:\/\/motormind.ee\/#website","url":"https:\/\/motormind.ee\/","name":"Motormind","description":"&Otilde;pi r&otilde;&otilde;muga, &otilde;pi m&auml;ngides!","potentialAction":[{"@type":"SearchAction","target":{"@type":"EntryPoint","urlTemplate":"https:\/\/motormind.ee\/?s={search_term_string}"},"query-input":{"@type":"PropertyValueSpecification","valueRequired":true,"valueName":"search_term_string"}}],"inLanguage":"ru-RU"}]}},"_links":{"self":[{"href":"https:\/\/motormind.ee\/ru\/wp-json\/wp\/v2\/product\/722","targetHints":{"allow":["GET"]}}],"collection":[{"href":"https:\/\/motormind.ee\/ru\/wp-json\/wp\/v2\/product"}],"about":[{"href":"https:\/\/motormind.ee\/ru\/wp-json\/wp\/v2\/types\/product"}],"replies":[{"embeddable":true,"href":"https:\/\/motormind.ee\/ru\/wp-json\/wp\/v2\/comments?post=722"}],"version-history":[{"count":6,"href":"https:\/\/motormind.ee\/ru\/wp-json\/wp\/v2\/product\/722\/revisions"}],"predecessor-version":[{"id":4350,"href":"https:\/\/motormind.ee\/ru\/wp-json\/wp\/v2\/product\/722\/revisions\/4350"}],"wp:featuredmedia":[{"embeddable":true,"href":"https:\/\/motormind.ee\/ru\/wp-json\/wp\/v2\/media\/723"}],"wp:attachment":[{"href":"https:\/\/motormind.ee\/ru\/wp-json\/wp\/v2\/media?parent=722"}],"wp:term":[{"taxonomy":"product_brand","embeddable":true,"href":"https:\/\/motormind.ee\/ru\/wp-json\/wp\/v2\/product_brand?post=722"},{"taxonomy":"product_cat","embeddable":true,"href":"https:\/\/motormind.ee\/ru\/wp-json\/wp\/v2\/product_cat?post=722"},{"taxonomy":"product_tag","embeddable":true,"href":"https:\/\/motormind.ee\/ru\/wp-json\/wp\/v2\/product_tag?post=722"}],"curies":[{"name":"wp","href":"https:\/\/api.w.org\/{rel}","templated":true}]}}