{"id":726,"date":"2024-10-16T19:21:40","date_gmt":"2024-10-16T19:21:40","guid":{"rendered":"https:\/\/motormind.ee\/?post_type=product&#038;p=726"},"modified":"2026-03-23T11:36:13","modified_gmt":"2026-03-23T11:36:13","slug":"loto-transport","status":"publish","type":"product","link":"https:\/\/motormind.ee\/ru\/product\/loto-transport\/","title":{"rendered":"T\u00f6\u00f6lehed: Loto \u00abTransport\u00bb"},"content":{"rendered":"<p>18 lk<\/p>\n<p>&nbsp;<\/p>\n<p>Tegemist on digitaalse tootega (PDF). P\u00e4rast makset saadetakse allalaadimislink teie e-mailile.<\/p>","protected":false},"excerpt":{"rendered":"<p>Sisaldab kuut m\u00e4ngulauda mustvalgete erinevate transpordivahendite kujutistega ning sama palju v\u00e4rvilisi kaarte. Komplektis on kokku 36 kaarti. Seda m\u00e4ngu saab kasutada nagu klassikalist lotot, kus tuleb leida vasted v\u00e4rviliste ja mustvalgete kujutiste vahel. M\u00e4ng arendab t\u00e4helepanu ja aitab laiendada s\u00f5navara transpordi teemal, muutes \u00f5ppimise huvitavaks ja kaasahaaravaks.<\/p>\n<p>&nbsp;<\/p>","protected":false},"featured_media":727,"comment_status":"open","ping_status":"closed","template":"","meta":[],"product_brand":[],"product_cat":[158,22],"product_tag":[],"class_list":{"0":"post-726","1":"product","2":"type-product","3":"status-publish","4":"has-post-thumbnail","6":"product_cat-maailma-avastamine-ja-loodusteadmised","7":"product_cat-toolehed","9":"first","10":"instock","11":"shipping-taxable","12":"purchasable","13":"product-type-variable"},"yoast_head":"<!-- This site is optimized with the Yoast SEO plugin v27.4 - https:\/\/yoast.com\/product\/yoast-seo-wordpress\/ -->\n<title>T\u00f6\u00f6lehed: Loto \u00abTransport\u00bb - Motormind<\/title>\n<meta name=\"description\" content=\"\u00abLoto Transport\u00bb on hariv ja l\u00f5bus m\u00e4ng, kus lapsed leiavad vasted transpordivahendite v\u00e4rviliste ja mustvalgete kujutiste vahel. Sobib suurep\u00e4raselt s\u00f5navara arendamiseks. Lae alla PDF!\" \/>\n<meta name=\"robots\" content=\"index, follow, max-snippet:-1, max-image-preview:large, max-video-preview:-1\" \/>\n<link rel=\"canonical\" href=\"https:\/\/motormind.ee\/ru\/product\/loto-transport\/\" \/>\n<meta property=\"og:locale\" content=\"ru_RU\" \/>\n<meta property=\"og:type\" content=\"article\" \/>\n<meta property=\"og:title\" content=\"T\u00f6\u00f6lehed: Loto \u00abTransport\u00bb - Motormind\" \/>\n<meta property=\"og:description\" content=\"\u00abLoto Transport\u00bb on hariv ja l\u00f5bus m\u00e4ng, kus lapsed leiavad vasted transpordivahendite v\u00e4rviliste ja mustvalgete kujutiste vahel. Sobib suurep\u00e4raselt s\u00f5navara arendamiseks. Lae alla PDF!\" \/>\n<meta property=\"og:url\" content=\"https:\/\/motormind.ee\/ru\/product\/loto-transport\/\" \/>\n<meta property=\"og:site_name\" content=\"Motormind\" \/>\n<meta property=\"article:modified_time\" content=\"2026-03-23T11:36:13+00:00\" \/>\n<meta property=\"og:image\" content=\"https:\/\/motormind.ee\/wp-content\/uploads\/2024\/10\/loto2.jpg\" \/>\n\t<meta property=\"og:image:width\" content=\"1080\" \/>\n\t<meta property=\"og:image:height\" content=\"1080\" \/>\n\t<meta property=\"og:image:type\" content=\"image\/jpeg\" \/>\n<meta name=\"twitter:card\" content=\"summary_large_image\" \/>\n<meta name=\"twitter:label1\" content=\"\u041f\u0440\u0438\u043c\u0435\u0440\u043d\u043e\u0435 \u0432\u0440\u0435\u043c\u044f \u0434\u043b\u044f \u0447\u0442\u0435\u043d\u0438\u044f\" \/>\n\t<meta name=\"twitter:data1\" content=\"1 \u043c\u0438\u043d\u0443\u0442\u0430\" \/>\n<script type=\"application\/ld+json\" class=\"yoast-schema-graph\">{\"@context\":\"https:\\\/\\\/schema.org\",\"@graph\":[{\"@type\":\"WebPage\",\"@id\":\"https:\\\/\\\/motormind.ee\\\/product\\\/loto-transport\\\/\",\"url\":\"https:\\\/\\\/motormind.ee\\\/product\\\/loto-transport\\\/\",\"name\":\"T\u00f6\u00f6lehed: Loto \u00abTransport\u00bb - Motormind\",\"isPartOf\":{\"@id\":\"https:\\\/\\\/motormind.ee\\\/#website\"},\"primaryImageOfPage\":{\"@id\":\"https:\\\/\\\/motormind.ee\\\/product\\\/loto-transport\\\/#primaryimage\"},\"image\":{\"@id\":\"https:\\\/\\\/motormind.ee\\\/product\\\/loto-transport\\\/#primaryimage\"},\"thumbnailUrl\":\"https:\\\/\\\/motormind.ee\\\/wp-content\\\/uploads\\\/2024\\\/10\\\/loto2.jpg\",\"datePublished\":\"2024-10-16T19:21:40+00:00\",\"dateModified\":\"2026-03-23T11:36:13+00:00\",\"description\":\"\u00abLoto Transport\u00bb on hariv ja l\u00f5bus m\u00e4ng, kus lapsed leiavad vasted transpordivahendite v\u00e4rviliste ja mustvalgete kujutiste vahel. Sobib suurep\u00e4raselt s\u00f5navara arendamiseks. Lae alla PDF!\",\"breadcrumb\":{\"@id\":\"https:\\\/\\\/motormind.ee\\\/product\\\/loto-transport\\\/#breadcrumb\"},\"inLanguage\":\"ru-RU\",\"potentialAction\":[{\"@type\":\"ReadAction\",\"target\":[\"https:\\\/\\\/motormind.ee\\\/product\\\/loto-transport\\\/\"]}]},{\"@type\":\"ImageObject\",\"inLanguage\":\"ru-RU\",\"@id\":\"https:\\\/\\\/motormind.ee\\\/product\\\/loto-transport\\\/#primaryimage\",\"url\":\"https:\\\/\\\/motormind.ee\\\/wp-content\\\/uploads\\\/2024\\\/10\\\/loto2.jpg\",\"contentUrl\":\"https:\\\/\\\/motormind.ee\\\/wp-content\\\/uploads\\\/2024\\\/10\\\/loto2.jpg\",\"width\":1080,\"height\":1080},{\"@type\":\"BreadcrumbList\",\"@id\":\"https:\\\/\\\/motormind.ee\\\/product\\\/loto-transport\\\/#breadcrumb\",\"itemListElement\":[{\"@type\":\"ListItem\",\"position\":1,\"name\":\"\u0413\u043b\u0430\u0432\u043d\u0430\u044f \u0441\u0442\u0440\u0430\u043d\u0438\u0446\u0430\",\"item\":\"https:\\\/\\\/motormind.ee\\\/\"},{\"@type\":\"ListItem\",\"position\":2,\"name\":\"E-pood\",\"item\":\"https:\\\/\\\/motormind.ee\\\/shop\\\/\"},{\"@type\":\"ListItem\",\"position\":3,\"name\":\"T\u00f6\u00f6lehed: Loto \u00abTransport\u00bb\"}]},{\"@type\":\"WebSite\",\"@id\":\"https:\\\/\\\/motormind.ee\\\/#website\",\"url\":\"https:\\\/\\\/motormind.ee\\\/\",\"name\":\"Motormind\",\"description\":\"&Otilde;pi r&otilde;&otilde;muga, &otilde;pi m&auml;ngides!\",\"potentialAction\":[{\"@type\":\"SearchAction\",\"target\":{\"@type\":\"EntryPoint\",\"urlTemplate\":\"https:\\\/\\\/motormind.ee\\\/?s={search_term_string}\"},\"query-input\":{\"@type\":\"PropertyValueSpecification\",\"valueRequired\":true,\"valueName\":\"search_term_string\"}}],\"inLanguage\":\"ru-RU\"}]}<\/script>\n<!-- \/ Yoast SEO plugin. -->","yoast_head_json":{"title":"T\u00f6\u00f6lehed: Loto \u00abTransport\u00bb - Motormind","description":"\u00abLoto Transport\u00bb on hariv ja l\u00f5bus m\u00e4ng, kus lapsed leiavad vasted transpordivahendite v\u00e4rviliste ja mustvalgete kujutiste vahel. Sobib suurep\u00e4raselt s\u00f5navara arendamiseks. Lae alla PDF!","robots":{"index":"index","follow":"follow","max-snippet":"max-snippet:-1","max-image-preview":"max-image-preview:large","max-video-preview":"max-video-preview:-1"},"canonical":"https:\/\/motormind.ee\/ru\/product\/loto-transport\/","og_locale":"ru_RU","og_type":"article","og_title":"T\u00f6\u00f6lehed: Loto \u00abTransport\u00bb - Motormind","og_description":"\u00abLoto Transport\u00bb on hariv ja l\u00f5bus m\u00e4ng, kus lapsed leiavad vasted transpordivahendite v\u00e4rviliste ja mustvalgete kujutiste vahel. Sobib suurep\u00e4raselt s\u00f5navara arendamiseks. Lae alla PDF!","og_url":"https:\/\/motormind.ee\/ru\/product\/loto-transport\/","og_site_name":"Motormind","article_modified_time":"2026-03-23T11:36:13+00:00","og_image":[{"width":1080,"height":1080,"url":"https:\/\/motormind.ee\/wp-content\/uploads\/2024\/10\/loto2.jpg","type":"image\/jpeg"}],"twitter_card":"summary_large_image","twitter_misc":{"\u041f\u0440\u0438\u043c\u0435\u0440\u043d\u043e\u0435 \u0432\u0440\u0435\u043c\u044f \u0434\u043b\u044f \u0447\u0442\u0435\u043d\u0438\u044f":"1 \u043c\u0438\u043d\u0443\u0442\u0430"},"schema":{"@context":"https:\/\/schema.org","@graph":[{"@type":"WebPage","@id":"https:\/\/motormind.ee\/product\/loto-transport\/","url":"https:\/\/motormind.ee\/product\/loto-transport\/","name":"T\u00f6\u00f6lehed: Loto \u00abTransport\u00bb - Motormind","isPartOf":{"@id":"https:\/\/motormind.ee\/#website"},"primaryImageOfPage":{"@id":"https:\/\/motormind.ee\/product\/loto-transport\/#primaryimage"},"image":{"@id":"https:\/\/motormind.ee\/product\/loto-transport\/#primaryimage"},"thumbnailUrl":"https:\/\/motormind.ee\/wp-content\/uploads\/2024\/10\/loto2.jpg","datePublished":"2024-10-16T19:21:40+00:00","dateModified":"2026-03-23T11:36:13+00:00","description":"\u00abLoto Transport\u00bb on hariv ja l\u00f5bus m\u00e4ng, kus lapsed leiavad vasted transpordivahendite v\u00e4rviliste ja mustvalgete kujutiste vahel. Sobib suurep\u00e4raselt s\u00f5navara arendamiseks. Lae alla PDF!","breadcrumb":{"@id":"https:\/\/motormind.ee\/product\/loto-transport\/#breadcrumb"},"inLanguage":"ru-RU","potentialAction":[{"@type":"ReadAction","target":["https:\/\/motormind.ee\/product\/loto-transport\/"]}]},{"@type":"ImageObject","inLanguage":"ru-RU","@id":"https:\/\/motormind.ee\/product\/loto-transport\/#primaryimage","url":"https:\/\/motormind.ee\/wp-content\/uploads\/2024\/10\/loto2.jpg","contentUrl":"https:\/\/motormind.ee\/wp-content\/uploads\/2024\/10\/loto2.jpg","width":1080,"height":1080},{"@type":"BreadcrumbList","@id":"https:\/\/motormind.ee\/product\/loto-transport\/#breadcrumb","itemListElement":[{"@type":"ListItem","position":1,"name":"\u0413\u043b\u0430\u0432\u043d\u0430\u044f \u0441\u0442\u0440\u0430\u043d\u0438\u0446\u0430","item":"https:\/\/motormind.ee\/"},{"@type":"ListItem","position":2,"name":"E-pood","item":"https:\/\/motormind.ee\/shop\/"},{"@type":"ListItem","position":3,"name":"T\u00f6\u00f6lehed: Loto \u00abTransport\u00bb"}]},{"@type":"WebSite","@id":"https:\/\/motormind.ee\/#website","url":"https:\/\/motormind.ee\/","name":"Motormind","description":"&Otilde;pi r&otilde;&otilde;muga, &otilde;pi m&auml;ngides!","potentialAction":[{"@type":"SearchAction","target":{"@type":"EntryPoint","urlTemplate":"https:\/\/motormind.ee\/?s={search_term_string}"},"query-input":{"@type":"PropertyValueSpecification","valueRequired":true,"valueName":"search_term_string"}}],"inLanguage":"ru-RU"}]}},"_links":{"self":[{"href":"https:\/\/motormind.ee\/ru\/wp-json\/wp\/v2\/product\/726","targetHints":{"allow":["GET"]}}],"collection":[{"href":"https:\/\/motormind.ee\/ru\/wp-json\/wp\/v2\/product"}],"about":[{"href":"https:\/\/motormind.ee\/ru\/wp-json\/wp\/v2\/types\/product"}],"replies":[{"embeddable":true,"href":"https:\/\/motormind.ee\/ru\/wp-json\/wp\/v2\/comments?post=726"}],"version-history":[{"count":5,"href":"https:\/\/motormind.ee\/ru\/wp-json\/wp\/v2\/product\/726\/revisions"}],"predecessor-version":[{"id":4346,"href":"https:\/\/motormind.ee\/ru\/wp-json\/wp\/v2\/product\/726\/revisions\/4346"}],"wp:featuredmedia":[{"embeddable":true,"href":"https:\/\/motormind.ee\/ru\/wp-json\/wp\/v2\/media\/727"}],"wp:attachment":[{"href":"https:\/\/motormind.ee\/ru\/wp-json\/wp\/v2\/media?parent=726"}],"wp:term":[{"taxonomy":"product_brand","embeddable":true,"href":"https:\/\/motormind.ee\/ru\/wp-json\/wp\/v2\/product_brand?post=726"},{"taxonomy":"product_cat","embeddable":true,"href":"https:\/\/motormind.ee\/ru\/wp-json\/wp\/v2\/product_cat?post=726"},{"taxonomy":"product_tag","embeddable":true,"href":"https:\/\/motormind.ee\/ru\/wp-json\/wp\/v2\/product_tag?post=726"}],"curies":[{"name":"wp","href":"https:\/\/api.w.org\/{rel}","templated":true}]}}