{"id":755,"date":"2024-10-16T19:45:36","date_gmt":"2024-10-16T19:45:36","guid":{"rendered":"https:\/\/motormind.ee\/?post_type=product&#038;p=755"},"modified":"2026-03-23T11:15:08","modified_gmt":"2026-03-23T11:15:08","slug":"numbrite-kirjutamine-ja-erinevad-ulesanded-24-lk","status":"publish","type":"product","link":"https:\/\/motormind.ee\/ru\/product\/numbrite-kirjutamine-ja-erinevad-ulesanded-24-lk\/","title":{"rendered":"T\u00f6\u00f6lehed: &#8220;Numbrite kirjutamine ja erinevad \u00fclesanded&#8221;"},"content":{"rendered":"<p>24 lk<\/p>\n<p>&nbsp;<\/p>\n<p>Tegemist on digitaalse tootega (PDF). P\u00e4rast makset saadetakse allalaadimislink teie e-mailile.<\/p>","protected":false},"excerpt":{"rendered":"<p>\u00dclesanded h\u00f5lmavad numbrite kirjutamist, lihtsate n\u00e4idete lahendamist, v\u00f5rdlemist (\u00absuurem\u00bb, \u00abv\u00e4iksem\u00bb, \u00abv\u00f5rdne\u00bb), mustrite j\u00e4tkamist ning esemete lugemise harjutusi. Lapsed saavad treenida peenmotoorikat, \u00f5ppida kirjutama numbreid ja parandada oma loendamisoskust m\u00e4ngulisel viisil.<\/p>","protected":false},"featured_media":1739,"comment_status":"open","ping_status":"closed","template":"","meta":[],"product_brand":[],"product_cat":[152,22],"product_tag":[],"class_list":{"0":"post-755","1":"product","2":"type-product","3":"status-publish","4":"has-post-thumbnail","6":"product_cat-matemaatika-ja-loogika","7":"product_cat-toolehed","9":"first","10":"instock","11":"shipping-taxable","12":"purchasable","13":"product-type-variable"},"yoast_head":"<!-- This site is optimized with the Yoast SEO plugin v27.4 - https:\/\/yoast.com\/product\/yoast-seo-wordpress\/ -->\n<title>T\u00f6\u00f6lehed: &quot;Numbrite kirjutamine ja erinevad \u00fclesanded&quot; - Motormind<\/title>\n<meta name=\"description\" content=\"\u00abNumbrite kirjutamine ja erinevad \u00fclesanded\u00bb on 24 lehek\u00fcljeline \u00fclesannete komplekt, mis aitab lastel arendada peenmotoorikat, \u00f5ppida numbreid ja parandada loendamisoskust. Lae alla PDF ja tee \u00f5ppimine l\u00f5busaks! Tegemist on digitaalse tootega (PDF). P\u00e4rast makset saadetakse allalaadimislink teie e-mailile.\" \/>\n<meta name=\"robots\" content=\"index, follow, max-snippet:-1, max-image-preview:large, max-video-preview:-1\" \/>\n<link rel=\"canonical\" href=\"https:\/\/motormind.ee\/ru\/product\/numbrite-kirjutamine-ja-erinevad-ulesanded-24-lk\/\" \/>\n<meta property=\"og:locale\" content=\"ru_RU\" \/>\n<meta property=\"og:type\" content=\"article\" \/>\n<meta property=\"og:title\" content=\"T\u00f6\u00f6lehed: &quot;Numbrite kirjutamine ja erinevad \u00fclesanded&quot; - Motormind\" \/>\n<meta property=\"og:description\" content=\"\u00abNumbrite kirjutamine ja erinevad \u00fclesanded\u00bb on 24 lehek\u00fcljeline \u00fclesannete komplekt, mis aitab lastel arendada peenmotoorikat, \u00f5ppida numbreid ja parandada loendamisoskust. Lae alla PDF ja tee \u00f5ppimine l\u00f5busaks! Tegemist on digitaalse tootega (PDF). P\u00e4rast makset saadetakse allalaadimislink teie e-mailile.\" \/>\n<meta property=\"og:url\" content=\"https:\/\/motormind.ee\/ru\/product\/numbrite-kirjutamine-ja-erinevad-ulesanded-24-lk\/\" \/>\n<meta property=\"og:site_name\" content=\"Motormind\" \/>\n<meta property=\"article:modified_time\" content=\"2026-03-23T11:15:08+00:00\" \/>\n<meta property=\"og:image\" content=\"https:\/\/motormind.ee\/wp-content\/uploads\/2024\/10\/IMG_8920.jpg\" \/>\n\t<meta property=\"og:image:width\" content=\"1080\" \/>\n\t<meta property=\"og:image:height\" content=\"1080\" \/>\n\t<meta property=\"og:image:type\" content=\"image\/jpeg\" \/>\n<meta name=\"twitter:card\" content=\"summary_large_image\" \/>\n<meta name=\"twitter:label1\" content=\"\u041f\u0440\u0438\u043c\u0435\u0440\u043d\u043e\u0435 \u0432\u0440\u0435\u043c\u044f \u0434\u043b\u044f \u0447\u0442\u0435\u043d\u0438\u044f\" \/>\n\t<meta name=\"twitter:data1\" content=\"1 \u043c\u0438\u043d\u0443\u0442\u0430\" \/>\n<script type=\"application\/ld+json\" class=\"yoast-schema-graph\">{\"@context\":\"https:\\\/\\\/schema.org\",\"@graph\":[{\"@type\":\"WebPage\",\"@id\":\"https:\\\/\\\/motormind.ee\\\/product\\\/numbrite-kirjutamine-ja-erinevad-ulesanded-24-lk\\\/\",\"url\":\"https:\\\/\\\/motormind.ee\\\/product\\\/numbrite-kirjutamine-ja-erinevad-ulesanded-24-lk\\\/\",\"name\":\"T\u00f6\u00f6lehed: \\\"Numbrite kirjutamine ja erinevad \u00fclesanded\\\" - Motormind\",\"isPartOf\":{\"@id\":\"https:\\\/\\\/motormind.ee\\\/#website\"},\"primaryImageOfPage\":{\"@id\":\"https:\\\/\\\/motormind.ee\\\/product\\\/numbrite-kirjutamine-ja-erinevad-ulesanded-24-lk\\\/#primaryimage\"},\"image\":{\"@id\":\"https:\\\/\\\/motormind.ee\\\/product\\\/numbrite-kirjutamine-ja-erinevad-ulesanded-24-lk\\\/#primaryimage\"},\"thumbnailUrl\":\"https:\\\/\\\/motormind.ee\\\/wp-content\\\/uploads\\\/2024\\\/10\\\/IMG_8920.jpg\",\"datePublished\":\"2024-10-16T19:45:36+00:00\",\"dateModified\":\"2026-03-23T11:15:08+00:00\",\"description\":\"\u00abNumbrite kirjutamine ja erinevad \u00fclesanded\u00bb on 24 lehek\u00fcljeline \u00fclesannete komplekt, mis aitab lastel arendada peenmotoorikat, \u00f5ppida numbreid ja parandada loendamisoskust. Lae alla PDF ja tee \u00f5ppimine l\u00f5busaks! Tegemist on digitaalse tootega (PDF). P\u00e4rast makset saadetakse allalaadimislink teie e-mailile.\",\"breadcrumb\":{\"@id\":\"https:\\\/\\\/motormind.ee\\\/product\\\/numbrite-kirjutamine-ja-erinevad-ulesanded-24-lk\\\/#breadcrumb\"},\"inLanguage\":\"ru-RU\",\"potentialAction\":[{\"@type\":\"ReadAction\",\"target\":[\"https:\\\/\\\/motormind.ee\\\/product\\\/numbrite-kirjutamine-ja-erinevad-ulesanded-24-lk\\\/\"]}]},{\"@type\":\"ImageObject\",\"inLanguage\":\"ru-RU\",\"@id\":\"https:\\\/\\\/motormind.ee\\\/product\\\/numbrite-kirjutamine-ja-erinevad-ulesanded-24-lk\\\/#primaryimage\",\"url\":\"https:\\\/\\\/motormind.ee\\\/wp-content\\\/uploads\\\/2024\\\/10\\\/IMG_8920.jpg\",\"contentUrl\":\"https:\\\/\\\/motormind.ee\\\/wp-content\\\/uploads\\\/2024\\\/10\\\/IMG_8920.jpg\",\"width\":1080,\"height\":1080},{\"@type\":\"BreadcrumbList\",\"@id\":\"https:\\\/\\\/motormind.ee\\\/product\\\/numbrite-kirjutamine-ja-erinevad-ulesanded-24-lk\\\/#breadcrumb\",\"itemListElement\":[{\"@type\":\"ListItem\",\"position\":1,\"name\":\"\u0413\u043b\u0430\u0432\u043d\u0430\u044f \u0441\u0442\u0440\u0430\u043d\u0438\u0446\u0430\",\"item\":\"https:\\\/\\\/motormind.ee\\\/\"},{\"@type\":\"ListItem\",\"position\":2,\"name\":\"E-pood\",\"item\":\"https:\\\/\\\/motormind.ee\\\/shop\\\/\"},{\"@type\":\"ListItem\",\"position\":3,\"name\":\"T\u00f6\u00f6lehed: &#8220;Numbrite kirjutamine ja erinevad \u00fclesanded&#8221;\"}]},{\"@type\":\"WebSite\",\"@id\":\"https:\\\/\\\/motormind.ee\\\/#website\",\"url\":\"https:\\\/\\\/motormind.ee\\\/\",\"name\":\"Motormind\",\"description\":\"&Otilde;pi r&otilde;&otilde;muga, &otilde;pi m&auml;ngides!\",\"potentialAction\":[{\"@type\":\"SearchAction\",\"target\":{\"@type\":\"EntryPoint\",\"urlTemplate\":\"https:\\\/\\\/motormind.ee\\\/?s={search_term_string}\"},\"query-input\":{\"@type\":\"PropertyValueSpecification\",\"valueRequired\":true,\"valueName\":\"search_term_string\"}}],\"inLanguage\":\"ru-RU\"}]}<\/script>\n<!-- \/ Yoast SEO plugin. -->","yoast_head_json":{"title":"T\u00f6\u00f6lehed: \"Numbrite kirjutamine ja erinevad \u00fclesanded\" - Motormind","description":"\u00abNumbrite kirjutamine ja erinevad \u00fclesanded\u00bb on 24 lehek\u00fcljeline \u00fclesannete komplekt, mis aitab lastel arendada peenmotoorikat, \u00f5ppida numbreid ja parandada loendamisoskust. Lae alla PDF ja tee \u00f5ppimine l\u00f5busaks! Tegemist on digitaalse tootega (PDF). P\u00e4rast makset saadetakse allalaadimislink teie e-mailile.","robots":{"index":"index","follow":"follow","max-snippet":"max-snippet:-1","max-image-preview":"max-image-preview:large","max-video-preview":"max-video-preview:-1"},"canonical":"https:\/\/motormind.ee\/ru\/product\/numbrite-kirjutamine-ja-erinevad-ulesanded-24-lk\/","og_locale":"ru_RU","og_type":"article","og_title":"T\u00f6\u00f6lehed: \"Numbrite kirjutamine ja erinevad \u00fclesanded\" - Motormind","og_description":"\u00abNumbrite kirjutamine ja erinevad \u00fclesanded\u00bb on 24 lehek\u00fcljeline \u00fclesannete komplekt, mis aitab lastel arendada peenmotoorikat, \u00f5ppida numbreid ja parandada loendamisoskust. Lae alla PDF ja tee \u00f5ppimine l\u00f5busaks! Tegemist on digitaalse tootega (PDF). P\u00e4rast makset saadetakse allalaadimislink teie e-mailile.","og_url":"https:\/\/motormind.ee\/ru\/product\/numbrite-kirjutamine-ja-erinevad-ulesanded-24-lk\/","og_site_name":"Motormind","article_modified_time":"2026-03-23T11:15:08+00:00","og_image":[{"width":1080,"height":1080,"url":"https:\/\/motormind.ee\/wp-content\/uploads\/2024\/10\/IMG_8920.jpg","type":"image\/jpeg"}],"twitter_card":"summary_large_image","twitter_misc":{"\u041f\u0440\u0438\u043c\u0435\u0440\u043d\u043e\u0435 \u0432\u0440\u0435\u043c\u044f \u0434\u043b\u044f \u0447\u0442\u0435\u043d\u0438\u044f":"1 \u043c\u0438\u043d\u0443\u0442\u0430"},"schema":{"@context":"https:\/\/schema.org","@graph":[{"@type":"WebPage","@id":"https:\/\/motormind.ee\/product\/numbrite-kirjutamine-ja-erinevad-ulesanded-24-lk\/","url":"https:\/\/motormind.ee\/product\/numbrite-kirjutamine-ja-erinevad-ulesanded-24-lk\/","name":"T\u00f6\u00f6lehed: \"Numbrite kirjutamine ja erinevad \u00fclesanded\" - Motormind","isPartOf":{"@id":"https:\/\/motormind.ee\/#website"},"primaryImageOfPage":{"@id":"https:\/\/motormind.ee\/product\/numbrite-kirjutamine-ja-erinevad-ulesanded-24-lk\/#primaryimage"},"image":{"@id":"https:\/\/motormind.ee\/product\/numbrite-kirjutamine-ja-erinevad-ulesanded-24-lk\/#primaryimage"},"thumbnailUrl":"https:\/\/motormind.ee\/wp-content\/uploads\/2024\/10\/IMG_8920.jpg","datePublished":"2024-10-16T19:45:36+00:00","dateModified":"2026-03-23T11:15:08+00:00","description":"\u00abNumbrite kirjutamine ja erinevad \u00fclesanded\u00bb on 24 lehek\u00fcljeline \u00fclesannete komplekt, mis aitab lastel arendada peenmotoorikat, \u00f5ppida numbreid ja parandada loendamisoskust. Lae alla PDF ja tee \u00f5ppimine l\u00f5busaks! Tegemist on digitaalse tootega (PDF). P\u00e4rast makset saadetakse allalaadimislink teie e-mailile.","breadcrumb":{"@id":"https:\/\/motormind.ee\/product\/numbrite-kirjutamine-ja-erinevad-ulesanded-24-lk\/#breadcrumb"},"inLanguage":"ru-RU","potentialAction":[{"@type":"ReadAction","target":["https:\/\/motormind.ee\/product\/numbrite-kirjutamine-ja-erinevad-ulesanded-24-lk\/"]}]},{"@type":"ImageObject","inLanguage":"ru-RU","@id":"https:\/\/motormind.ee\/product\/numbrite-kirjutamine-ja-erinevad-ulesanded-24-lk\/#primaryimage","url":"https:\/\/motormind.ee\/wp-content\/uploads\/2024\/10\/IMG_8920.jpg","contentUrl":"https:\/\/motormind.ee\/wp-content\/uploads\/2024\/10\/IMG_8920.jpg","width":1080,"height":1080},{"@type":"BreadcrumbList","@id":"https:\/\/motormind.ee\/product\/numbrite-kirjutamine-ja-erinevad-ulesanded-24-lk\/#breadcrumb","itemListElement":[{"@type":"ListItem","position":1,"name":"\u0413\u043b\u0430\u0432\u043d\u0430\u044f \u0441\u0442\u0440\u0430\u043d\u0438\u0446\u0430","item":"https:\/\/motormind.ee\/"},{"@type":"ListItem","position":2,"name":"E-pood","item":"https:\/\/motormind.ee\/shop\/"},{"@type":"ListItem","position":3,"name":"T\u00f6\u00f6lehed: &#8220;Numbrite kirjutamine ja erinevad \u00fclesanded&#8221;"}]},{"@type":"WebSite","@id":"https:\/\/motormind.ee\/#website","url":"https:\/\/motormind.ee\/","name":"Motormind","description":"&Otilde;pi r&otilde;&otilde;muga, &otilde;pi m&auml;ngides!","potentialAction":[{"@type":"SearchAction","target":{"@type":"EntryPoint","urlTemplate":"https:\/\/motormind.ee\/?s={search_term_string}"},"query-input":{"@type":"PropertyValueSpecification","valueRequired":true,"valueName":"search_term_string"}}],"inLanguage":"ru-RU"}]}},"_links":{"self":[{"href":"https:\/\/motormind.ee\/ru\/wp-json\/wp\/v2\/product\/755","targetHints":{"allow":["GET"]}}],"collection":[{"href":"https:\/\/motormind.ee\/ru\/wp-json\/wp\/v2\/product"}],"about":[{"href":"https:\/\/motormind.ee\/ru\/wp-json\/wp\/v2\/types\/product"}],"replies":[{"embeddable":true,"href":"https:\/\/motormind.ee\/ru\/wp-json\/wp\/v2\/comments?post=755"}],"version-history":[{"count":8,"href":"https:\/\/motormind.ee\/ru\/wp-json\/wp\/v2\/product\/755\/revisions"}],"predecessor-version":[{"id":4332,"href":"https:\/\/motormind.ee\/ru\/wp-json\/wp\/v2\/product\/755\/revisions\/4332"}],"wp:featuredmedia":[{"embeddable":true,"href":"https:\/\/motormind.ee\/ru\/wp-json\/wp\/v2\/media\/1739"}],"wp:attachment":[{"href":"https:\/\/motormind.ee\/ru\/wp-json\/wp\/v2\/media?parent=755"}],"wp:term":[{"taxonomy":"product_brand","embeddable":true,"href":"https:\/\/motormind.ee\/ru\/wp-json\/wp\/v2\/product_brand?post=755"},{"taxonomy":"product_cat","embeddable":true,"href":"https:\/\/motormind.ee\/ru\/wp-json\/wp\/v2\/product_cat?post=755"},{"taxonomy":"product_tag","embeddable":true,"href":"https:\/\/motormind.ee\/ru\/wp-json\/wp\/v2\/product_tag?post=755"}],"curies":[{"name":"wp","href":"https:\/\/api.w.org\/{rel}","templated":true}]}}