{"id":759,"date":"2024-10-16T19:48:03","date_gmt":"2024-10-16T19:48:03","guid":{"rendered":"https:\/\/motormind.ee\/?post_type=product&#038;p=759"},"modified":"2026-03-23T11:12:54","modified_gmt":"2026-03-23T11:12:54","slug":"opime-klassifitseerima-leia-uleliigne","status":"publish","type":"product","link":"https:\/\/motormind.ee\/ru\/product\/opime-klassifitseerima-leia-uleliigne\/","title":{"rendered":"T\u00f6\u00f6lehed: &#8220;\u00d5pime klassifitseerima: leia \u00fcleliigne&#8221;"},"content":{"rendered":"<p>Need harjutused aitavad lastel arendada t\u00e4helepanelikkust ja loogilist m\u00f5tlemist ning laiendada s\u00f5navara, kuna tuleb m\u00e4\u00e4rata esemete kategooriad ja selgitada, miks \u00fcks neist ei sobi. Lapsed \u00f5pivad klassifitseerima esemeid r\u00fchmadesse, v\u00f5rdlema ja anal\u00fc\u00fcsima nende omadusi. \u00dclesanded on m\u00e4ngulises vormis, mis muudab \u00f5ppimise l\u00f5busaks ja kasulikuks kognitiivsete oskuste arendamisel.<\/p>\n<p>Laadi alla ja prindi mugavalt kodus!<\/p>\n<p>&nbsp;<\/p>\n<p>20 lk<\/p>\n<p>Tegemist on digitaalse tootega (PDF). P\u00e4rast makset saadetakse allalaadimislink teie e-mailile.<\/p>\n<p>&nbsp;<\/p>","protected":false},"excerpt":{"rendered":"<p>Need harjutused aitavad lastel arendada t\u00e4helepanelikkust ja loogilist m\u00f5tlemist ning laiendada s\u00f5navara, kuna tuleb m\u00e4\u00e4rata esemete kategooriad ja selgitada, miks \u00fcks neist ei sobi. Lapsed \u00f5pivad klassifitseerima esemeid r\u00fchmadesse, v\u00f5rdlema ja anal\u00fc\u00fcsima nende omadusi. \u00dclesanded on m\u00e4ngulises vormis, mis muudab \u00f5ppimise l\u00f5busaks ja kasulikuks kognitiivsete oskuste arendamisel.<\/p>\n<p>Laadi alla ja prindi mugavalt kodus!<\/p>","protected":false},"featured_media":760,"comment_status":"open","ping_status":"closed","template":"","meta":[],"product_brand":[],"product_cat":[154,22],"product_tag":[],"class_list":{"0":"post-759","1":"product","2":"type-product","3":"status-publish","4":"has-post-thumbnail","6":"product_cat-kognitiivne-areng-ja-motlemisoskused","7":"product_cat-toolehed","9":"first","10":"instock","11":"shipping-taxable","12":"purchasable","13":"product-type-variable"},"yoast_head":"<!-- This site is optimized with the Yoast SEO plugin v27.4 - https:\/\/yoast.com\/product\/yoast-seo-wordpress\/ -->\n<title>T\u00f6\u00f6lehed: &quot;\u00d5pime klassifitseerima: leia \u00fcleliigne&quot; - Motormind<\/title>\n<meta name=\"robots\" content=\"index, follow, max-snippet:-1, max-image-preview:large, max-video-preview:-1\" \/>\n<link rel=\"canonical\" href=\"https:\/\/motormind.ee\/ru\/product\/opime-klassifitseerima-leia-uleliigne\/\" \/>\n<meta property=\"og:locale\" content=\"ru_RU\" \/>\n<meta property=\"og:type\" content=\"article\" \/>\n<meta property=\"og:title\" content=\"T\u00f6\u00f6lehed: &quot;\u00d5pime klassifitseerima: leia \u00fcleliigne&quot; - Motormind\" \/>\n<meta property=\"og:description\" content=\"Need harjutused aitavad lastel arendada t\u00e4helepanelikkust ja loogilist m\u00f5tlemist ning laiendada s\u00f5navara, kuna tuleb m\u00e4\u00e4rata esemete kategooriad ja selgitada, miks \u00fcks neist ei sobi. Lapsed \u00f5pivad klassifitseerima esemeid r\u00fchmadesse, v\u00f5rdlema ja anal\u00fc\u00fcsima nende omadusi. \u00dclesanded on m\u00e4ngulises vormis, mis muudab \u00f5ppimise l\u00f5busaks ja kasulikuks kognitiivsete oskuste arendamisel.  Laadi alla ja prindi mugavalt kodus!\" \/>\n<meta property=\"og:url\" content=\"https:\/\/motormind.ee\/ru\/product\/opime-klassifitseerima-leia-uleliigne\/\" \/>\n<meta property=\"og:site_name\" content=\"Motormind\" \/>\n<meta property=\"article:modified_time\" content=\"2026-03-23T11:12:54+00:00\" \/>\n<meta property=\"og:image\" content=\"https:\/\/motormind.ee\/wp-content\/uploads\/2024\/10\/416845006_795378565938037_2522812279066369965_n.jpg\" \/>\n\t<meta property=\"og:image:width\" content=\"940\" \/>\n\t<meta property=\"og:image:height\" content=\"788\" \/>\n\t<meta property=\"og:image:type\" content=\"image\/jpeg\" \/>\n<meta name=\"twitter:card\" content=\"summary_large_image\" \/>\n<meta name=\"twitter:label1\" content=\"\u041f\u0440\u0438\u043c\u0435\u0440\u043d\u043e\u0435 \u0432\u0440\u0435\u043c\u044f \u0434\u043b\u044f \u0447\u0442\u0435\u043d\u0438\u044f\" \/>\n\t<meta name=\"twitter:data1\" content=\"1 \u043c\u0438\u043d\u0443\u0442\u0430\" \/>\n<script type=\"application\/ld+json\" class=\"yoast-schema-graph\">{\"@context\":\"https:\\\/\\\/schema.org\",\"@graph\":[{\"@type\":\"WebPage\",\"@id\":\"https:\\\/\\\/motormind.ee\\\/product\\\/opime-klassifitseerima-leia-uleliigne\\\/\",\"url\":\"https:\\\/\\\/motormind.ee\\\/product\\\/opime-klassifitseerima-leia-uleliigne\\\/\",\"name\":\"T\u00f6\u00f6lehed: \\\"\u00d5pime klassifitseerima: leia \u00fcleliigne\\\" - Motormind\",\"isPartOf\":{\"@id\":\"https:\\\/\\\/motormind.ee\\\/#website\"},\"primaryImageOfPage\":{\"@id\":\"https:\\\/\\\/motormind.ee\\\/product\\\/opime-klassifitseerima-leia-uleliigne\\\/#primaryimage\"},\"image\":{\"@id\":\"https:\\\/\\\/motormind.ee\\\/product\\\/opime-klassifitseerima-leia-uleliigne\\\/#primaryimage\"},\"thumbnailUrl\":\"https:\\\/\\\/motormind.ee\\\/wp-content\\\/uploads\\\/2024\\\/10\\\/416845006_795378565938037_2522812279066369965_n.jpg\",\"datePublished\":\"2024-10-16T19:48:03+00:00\",\"dateModified\":\"2026-03-23T11:12:54+00:00\",\"breadcrumb\":{\"@id\":\"https:\\\/\\\/motormind.ee\\\/product\\\/opime-klassifitseerima-leia-uleliigne\\\/#breadcrumb\"},\"inLanguage\":\"ru-RU\",\"potentialAction\":[{\"@type\":\"ReadAction\",\"target\":[\"https:\\\/\\\/motormind.ee\\\/product\\\/opime-klassifitseerima-leia-uleliigne\\\/\"]}]},{\"@type\":\"ImageObject\",\"inLanguage\":\"ru-RU\",\"@id\":\"https:\\\/\\\/motormind.ee\\\/product\\\/opime-klassifitseerima-leia-uleliigne\\\/#primaryimage\",\"url\":\"https:\\\/\\\/motormind.ee\\\/wp-content\\\/uploads\\\/2024\\\/10\\\/416845006_795378565938037_2522812279066369965_n.jpg\",\"contentUrl\":\"https:\\\/\\\/motormind.ee\\\/wp-content\\\/uploads\\\/2024\\\/10\\\/416845006_795378565938037_2522812279066369965_n.jpg\",\"width\":940,\"height\":788},{\"@type\":\"BreadcrumbList\",\"@id\":\"https:\\\/\\\/motormind.ee\\\/product\\\/opime-klassifitseerima-leia-uleliigne\\\/#breadcrumb\",\"itemListElement\":[{\"@type\":\"ListItem\",\"position\":1,\"name\":\"\u0413\u043b\u0430\u0432\u043d\u0430\u044f \u0441\u0442\u0440\u0430\u043d\u0438\u0446\u0430\",\"item\":\"https:\\\/\\\/motormind.ee\\\/\"},{\"@type\":\"ListItem\",\"position\":2,\"name\":\"E-pood\",\"item\":\"https:\\\/\\\/motormind.ee\\\/shop\\\/\"},{\"@type\":\"ListItem\",\"position\":3,\"name\":\"T\u00f6\u00f6lehed: &#8220;\u00d5pime klassifitseerima: leia \u00fcleliigne&#8221;\"}]},{\"@type\":\"WebSite\",\"@id\":\"https:\\\/\\\/motormind.ee\\\/#website\",\"url\":\"https:\\\/\\\/motormind.ee\\\/\",\"name\":\"Motormind\",\"description\":\"&Otilde;pi r&otilde;&otilde;muga, &otilde;pi m&auml;ngides!\",\"potentialAction\":[{\"@type\":\"SearchAction\",\"target\":{\"@type\":\"EntryPoint\",\"urlTemplate\":\"https:\\\/\\\/motormind.ee\\\/?s={search_term_string}\"},\"query-input\":{\"@type\":\"PropertyValueSpecification\",\"valueRequired\":true,\"valueName\":\"search_term_string\"}}],\"inLanguage\":\"ru-RU\"}]}<\/script>\n<!-- \/ Yoast SEO plugin. -->","yoast_head_json":{"title":"T\u00f6\u00f6lehed: \"\u00d5pime klassifitseerima: leia \u00fcleliigne\" - Motormind","robots":{"index":"index","follow":"follow","max-snippet":"max-snippet:-1","max-image-preview":"max-image-preview:large","max-video-preview":"max-video-preview:-1"},"canonical":"https:\/\/motormind.ee\/ru\/product\/opime-klassifitseerima-leia-uleliigne\/","og_locale":"ru_RU","og_type":"article","og_title":"T\u00f6\u00f6lehed: \"\u00d5pime klassifitseerima: leia \u00fcleliigne\" - Motormind","og_description":"Need harjutused aitavad lastel arendada t\u00e4helepanelikkust ja loogilist m\u00f5tlemist ning laiendada s\u00f5navara, kuna tuleb m\u00e4\u00e4rata esemete kategooriad ja selgitada, miks \u00fcks neist ei sobi. Lapsed \u00f5pivad klassifitseerima esemeid r\u00fchmadesse, v\u00f5rdlema ja anal\u00fc\u00fcsima nende omadusi. \u00dclesanded on m\u00e4ngulises vormis, mis muudab \u00f5ppimise l\u00f5busaks ja kasulikuks kognitiivsete oskuste arendamisel.  Laadi alla ja prindi mugavalt kodus!","og_url":"https:\/\/motormind.ee\/ru\/product\/opime-klassifitseerima-leia-uleliigne\/","og_site_name":"Motormind","article_modified_time":"2026-03-23T11:12:54+00:00","og_image":[{"width":940,"height":788,"url":"https:\/\/motormind.ee\/wp-content\/uploads\/2024\/10\/416845006_795378565938037_2522812279066369965_n.jpg","type":"image\/jpeg"}],"twitter_card":"summary_large_image","twitter_misc":{"\u041f\u0440\u0438\u043c\u0435\u0440\u043d\u043e\u0435 \u0432\u0440\u0435\u043c\u044f \u0434\u043b\u044f \u0447\u0442\u0435\u043d\u0438\u044f":"1 \u043c\u0438\u043d\u0443\u0442\u0430"},"schema":{"@context":"https:\/\/schema.org","@graph":[{"@type":"WebPage","@id":"https:\/\/motormind.ee\/product\/opime-klassifitseerima-leia-uleliigne\/","url":"https:\/\/motormind.ee\/product\/opime-klassifitseerima-leia-uleliigne\/","name":"T\u00f6\u00f6lehed: \"\u00d5pime klassifitseerima: leia \u00fcleliigne\" - Motormind","isPartOf":{"@id":"https:\/\/motormind.ee\/#website"},"primaryImageOfPage":{"@id":"https:\/\/motormind.ee\/product\/opime-klassifitseerima-leia-uleliigne\/#primaryimage"},"image":{"@id":"https:\/\/motormind.ee\/product\/opime-klassifitseerima-leia-uleliigne\/#primaryimage"},"thumbnailUrl":"https:\/\/motormind.ee\/wp-content\/uploads\/2024\/10\/416845006_795378565938037_2522812279066369965_n.jpg","datePublished":"2024-10-16T19:48:03+00:00","dateModified":"2026-03-23T11:12:54+00:00","breadcrumb":{"@id":"https:\/\/motormind.ee\/product\/opime-klassifitseerima-leia-uleliigne\/#breadcrumb"},"inLanguage":"ru-RU","potentialAction":[{"@type":"ReadAction","target":["https:\/\/motormind.ee\/product\/opime-klassifitseerima-leia-uleliigne\/"]}]},{"@type":"ImageObject","inLanguage":"ru-RU","@id":"https:\/\/motormind.ee\/product\/opime-klassifitseerima-leia-uleliigne\/#primaryimage","url":"https:\/\/motormind.ee\/wp-content\/uploads\/2024\/10\/416845006_795378565938037_2522812279066369965_n.jpg","contentUrl":"https:\/\/motormind.ee\/wp-content\/uploads\/2024\/10\/416845006_795378565938037_2522812279066369965_n.jpg","width":940,"height":788},{"@type":"BreadcrumbList","@id":"https:\/\/motormind.ee\/product\/opime-klassifitseerima-leia-uleliigne\/#breadcrumb","itemListElement":[{"@type":"ListItem","position":1,"name":"\u0413\u043b\u0430\u0432\u043d\u0430\u044f \u0441\u0442\u0440\u0430\u043d\u0438\u0446\u0430","item":"https:\/\/motormind.ee\/"},{"@type":"ListItem","position":2,"name":"E-pood","item":"https:\/\/motormind.ee\/shop\/"},{"@type":"ListItem","position":3,"name":"T\u00f6\u00f6lehed: &#8220;\u00d5pime klassifitseerima: leia \u00fcleliigne&#8221;"}]},{"@type":"WebSite","@id":"https:\/\/motormind.ee\/#website","url":"https:\/\/motormind.ee\/","name":"Motormind","description":"&Otilde;pi r&otilde;&otilde;muga, &otilde;pi m&auml;ngides!","potentialAction":[{"@type":"SearchAction","target":{"@type":"EntryPoint","urlTemplate":"https:\/\/motormind.ee\/?s={search_term_string}"},"query-input":{"@type":"PropertyValueSpecification","valueRequired":true,"valueName":"search_term_string"}}],"inLanguage":"ru-RU"}]}},"_links":{"self":[{"href":"https:\/\/motormind.ee\/ru\/wp-json\/wp\/v2\/product\/759","targetHints":{"allow":["GET"]}}],"collection":[{"href":"https:\/\/motormind.ee\/ru\/wp-json\/wp\/v2\/product"}],"about":[{"href":"https:\/\/motormind.ee\/ru\/wp-json\/wp\/v2\/types\/product"}],"replies":[{"embeddable":true,"href":"https:\/\/motormind.ee\/ru\/wp-json\/wp\/v2\/comments?post=759"}],"version-history":[{"count":6,"href":"https:\/\/motormind.ee\/ru\/wp-json\/wp\/v2\/product\/759\/revisions"}],"predecessor-version":[{"id":4328,"href":"https:\/\/motormind.ee\/ru\/wp-json\/wp\/v2\/product\/759\/revisions\/4328"}],"wp:featuredmedia":[{"embeddable":true,"href":"https:\/\/motormind.ee\/ru\/wp-json\/wp\/v2\/media\/760"}],"wp:attachment":[{"href":"https:\/\/motormind.ee\/ru\/wp-json\/wp\/v2\/media?parent=759"}],"wp:term":[{"taxonomy":"product_brand","embeddable":true,"href":"https:\/\/motormind.ee\/ru\/wp-json\/wp\/v2\/product_brand?post=759"},{"taxonomy":"product_cat","embeddable":true,"href":"https:\/\/motormind.ee\/ru\/wp-json\/wp\/v2\/product_cat?post=759"},{"taxonomy":"product_tag","embeddable":true,"href":"https:\/\/motormind.ee\/ru\/wp-json\/wp\/v2\/product_tag?post=759"}],"curies":[{"name":"wp","href":"https:\/\/api.w.org\/{rel}","templated":true}]}}